
{"id":65,"date":"2025-08-20T12:42:05","date_gmt":"2025-08-20T10:42:05","guid":{"rendered":"https:\/\/eventos.topografia.upm.es\/ahpgg2026\/portugues\/"},"modified":"2026-04-19T17:10:59","modified_gmt":"2026-04-19T15:10:59","slug":"portugues","status":"publish","type":"page","link":"https:\/\/eventos.topografia.upm.es\/ahpgg2026\/pt\/portugues\/","title":{"rendered":"main_pt"},"content":{"rendered":"\n<div class=\"wp-block-uagb-advanced-heading uagb-block-003dba0b\" id=\"about\"><h2 class=\"uagb-heading-text\">12\u00aa Assembleia Luso-Espanhola de Geodesia e Geof\u00edsica (AHPGG)<\/h2><\/div>\n\n\n\n<p class=\"has-ast-global-color-1-color has-text-color has-link-color wp-elements-f900fa3147b66138421c50db280a8bae\" style=\"font-size:22px\"><strong>16 a 19 de junho de 2026, ETSI Topograf\u00eda, Geodesia y Cartograf\u00eda, Universidad Polit\u00e9cnica de Madrid, Madrid, Espanha<\/strong><\/p>\n\n\n\n<div class=\"wp-block-uagb-container uagb-block-24aa4910 alignfull uagb-is-root-container\"><div class=\"uagb-container-inner-blocks-wrap\">\n<figure class=\"wp-block-image aligncenter size-large is-resized\"><img loading=\"lazy\" decoding=\"async\" width=\"1024\" height=\"313\" src=\"https:\/\/eventos.topografia.upm.es\/ahpgg2026\/wp-content\/uploads\/sites\/2\/2025\/10\/logo_ahpgg_2026-e1759602168802-1024x313.jpg\" alt=\"\" class=\"wp-image-221\" style=\"width:841px;height:auto\" srcset=\"https:\/\/eventos.topografia.upm.es\/ahpgg2026\/wp-content\/uploads\/sites\/2\/2025\/10\/logo_ahpgg_2026-e1759602168802-1024x313.jpg 1024w, https:\/\/eventos.topografia.upm.es\/ahpgg2026\/wp-content\/uploads\/sites\/2\/2025\/10\/logo_ahpgg_2026-e1759602168802-300x92.jpg 300w, https:\/\/eventos.topografia.upm.es\/ahpgg2026\/wp-content\/uploads\/sites\/2\/2025\/10\/logo_ahpgg_2026-e1759602168802-768x234.jpg 768w, https:\/\/eventos.topografia.upm.es\/ahpgg2026\/wp-content\/uploads\/sites\/2\/2025\/10\/logo_ahpgg_2026-e1759602168802-1536x469.jpg 1536w, https:\/\/eventos.topografia.upm.es\/ahpgg2026\/wp-content\/uploads\/sites\/2\/2025\/10\/logo_ahpgg_2026-e1759602168802-2048x625.jpg 2048w\" sizes=\"auto, (max-width: 1024px) 100vw, 1024px\" \/><\/figure>\n<\/div><\/div>\n\n\n\n<div class=\"wp-block-uagb-container uagb-block-64e5e7d5 alignfull uagb-is-root-container\"><div class=\"uagb-container-inner-blocks-wrap\">\n<div class=\"wp-block-uagb-info-box uagb-block-cae5bbf9 uagb-infobox__content-wrap  uagb-infobox-icon-above-title uagb-infobox-image-valign-top\"><div class=\"uagb-ifb-content\"><div class=\"uagb-ifb-title-wrap\"><p class=\"uagb-ifb-title\"><strong>A Assembleia Luso-Espanhola de Geodesia e Geof\u00edsica, que realizou a sua primeira reuni\u00e3o em Almer\u00eda em 1998, passou a reunir-se de dois em dois anos, alternadamente entre os dois pa\u00edses respons\u00e1veis, Espanha e Portugal. Ao longo das suas sess\u00f5es, consolidou-se como um f\u00f3rum de investiga\u00e7\u00e3o nas \u00e1reas da Geodesia, Sismologia, Meteorologia, Geomagnetismo, Hidrologia, Oceanografia, Vulcanologia, Geof\u00edsica Aplicada e Ci\u00eancias Criosf\u00e9ricas, bem como um espa\u00e7o de encontro e interc\u00e2mbio cient\u00edfico entre investigadores espanh\u00f3is e portugueses atrav\u00e9s da apresenta\u00e7\u00e3o e discuss\u00e3o de trabalhos nestas \u00e1reas. O per\u00edodo da COVID-19 marcou a maior lacuna na periodicidade estabelecida, que agora pretendemos retomar. Assim, dois anos ap\u00f3s a \u00faltima reuni\u00e3o, que teve lugar em \u00c9vora em 2024, a reuni\u00e3o de 2026 realizar-se-\u00e1 em Espanha. No pr\u00f3ximo m\u00eas de Junho, de 16 a 19, a Universidade Polit\u00e9cnica de Madrid e a sua Escola T\u00e9cnica Superior de Topografia, Geodesia e Cartografia acolhem a XII Assembleia Luso-Espanhola de Geodesia e Geof\u00edsica.<\/strong><\/p><\/div><\/div><\/div>\n\n\n\n<div class=\"wp-block-uagb-info-box uagb-block-4dd54389 uagb-infobox__content-wrap  uagb-infobox-icon-above-title uagb-infobox-image-valign-top\"><div class=\"uagb-ifb-content\"><div class=\"uagb-ifb-title-wrap\"><\/div><p class=\"uagb-ifb-desc\">Para abordar a diversidade tem\u00e1tica, foram definidas nove sess\u00f5es tem\u00e1ticas. Todos os investigadores s\u00e3o convidados a participar nas diversas sess\u00f5es e f\u00f3runs de discuss\u00e3o, especialmente investigadores espanh\u00f3is e portugueses, para apresentarem os resultados obtidos nos seus trabalhos mais recentes. Dado que \u00e9 apropriado abordar estudos regionais em toda a Pen\u00ednsula Ib\u00e9rica e \u00e1reas circundantes, este convite \u00e9 extensivo \u00e0s comunidades cient\u00edficas da Europa e do Magrebe, bem como a quaisquer investigadores estrangeiros interessados \u200b\u200bnos temas das nove sess\u00f5es.<br><br>Haver\u00e1 descontos nas propinas para estudantes, pr\u00e9mios para as melhores apresenta\u00e7\u00f5es de estudantes e a publica\u00e7\u00e3o do livro oficial da Assembleia com as apresenta\u00e7\u00f5es recebidas, bem como a submiss\u00e3o de artigos selecionados a revistas cient\u00edficas.<\/p><\/div><\/div>\n<\/div><\/div>\n\n\n\n<p>Para participar no AHPGG, deve inscrever-se atrav\u00e9s do Sistema de Gest\u00e3o de Eventos da Universidade Polit\u00e9cnica de Madrid. O seguinte guia abrange o processo de inscri\u00e7\u00e3o no Sistema de Gest\u00e3o de Eventos da Universidade Polit\u00e9cnica de Madrid, a submiss\u00e3o do resumo e a inscri\u00e7\u00e3o para o AHPGG 2026:&nbsp;<a href=\"https:\/\/eventos.topografia.upm.es\/ahpgg2026\/wp-content\/uploads\/sites\/2\/2026\/04\/AHPGG_2026_Author_instructions_en_v2.pdf\" target=\"_blank\" rel=\"noreferrer noopener\">Instructions for authors<\/a><\/p>\n\n\n\n<div id=\"dates\" class=\"wp-block-uagb-container uagb-block-a469fce0 alignfull uagb-is-root-container\"><div class=\"uagb-container-inner-blocks-wrap\">\n<div class=\"wp-block-uagb-advanced-heading uagb-block-7929e617\"><h2 class=\"uagb-heading-text\">Datas<\/h2><\/div>\n\n\n\n<figure class=\"wp-block-table is-style-stripes\"><table><thead><tr><th>Datas<\/th><th>Eventos<\/th><\/tr><\/thead><tbody><tr><td>12 de mar\u00e7o de 2026<\/td><td>In\u00edcio do per\u00edodo de inscri\u00e7\u00e3o e submiss\u00e3o de resumos<\/td><\/tr><tr><td><s>26 de\u00a0abril\u00a0<\/s>\u00a0<strong><mark style=\"color:#cf2e2e\" class=\"has-inline-color\">15\u00a0de\u00a0maio<\/mark><\/strong><\/td><td>Data limite para submiss\u00e3o de resumos<\/td><\/tr><tr><td><s>30 de\u00a0abril\u00a0<\/s>\u00a0<mark style=\"color:#cf2e2e\" class=\"has-inline-color\"><strong>15\u00a0de\u00a0maio<\/strong>\u00a0<\/mark><\/td><td>Fim do per\u00edodo de inscri\u00e7\u00e3o antecipada e in\u00edcio do per\u00edodo normal de inscri\u00e7\u00e3o.\u00a0<\/td><\/tr><tr><td><s>4 de\u00a0maio<\/s>\u00a0<mark style=\"color:#cf2e2e\" class=\"has-inline-color\"><strong>20 de\u00a0maio<\/strong>\u00a0<\/mark><\/td><td>Comunica\u00e7\u00e3o\u00a0de\u00a0aceita\u00e7\u00e3o\u00a0de\u00a0resumos\u00a0<\/td><\/tr><tr><td>20 de maio de 2026<\/td><td>Publica\u00e7\u00e3o do programa provis\u00f3rio<\/td><\/tr><tr><td><s>15 de\u00a0maio<\/s>\u00a0<mark style=\"color:#cf2e2e\" class=\"has-inline-color\"><strong>1 de\u00a0junho<\/strong>\u00a0<\/mark><\/td><td>Fim\u00a0do per\u00edodo de\u00a0inscri\u00e7\u00e3o<\/td><\/tr><tr><td><strong>16 a 19 de junho de 2026<\/strong><\/td><td><strong>Celebra\u00e7\u00e3o AHPGG 2026<\/strong><\/td><\/tr><tr><td><s>15 de\u00a0setembro<\/s>\u00a0<mark style=\"color:#cf2e2e\" class=\"has-inline-color\"><strong>1 de\u00a0outubro<\/strong>\u00a0<\/mark><\/td><td>Data limite para submiss\u00e3o de artigos completos para publica\u00e7\u00e3o<\/td><\/tr><\/tbody><\/table><\/figure>\n<\/div><\/div>\n\n\n\n<div id=\"organization\" class=\"wp-block-uagb-container uagb-block-75e6ac48 alignfull uagb-is-root-container\"><div class=\"uagb-container-inner-blocks-wrap\">\n<div class=\"wp-block-uagb-advanced-heading uagb-block-06388d69\"><h2 class=\"uagb-heading-text\">Organiza\u00e7\u00e3o<\/h2><\/div>\n\n\n\n<div class=\"wp-block-uagb-advanced-heading uagb-block-fab95d2d\"><h5 class=\"uagb-heading-text\"><strong>Universidad Polit\u00e9cnica de Madrid<\/strong><br><img decoding=\"async\" width=\"300\" src=\"https:\/\/www.upm.es\/gsfs\/SFS24540\" alt=\"...\"><img decoding=\"async\" width=\"400\" class=\"wp-image-312\" src=\"https:\/\/eventos.topografia.upm.es\/ahpgg2026\/wp-content\/uploads\/sites\/2\/2025\/10\/logo_etsitgc.png\" alt=\"\"><br><br><strong>Comisi\u00f3n Espa\u00f1ola de Geodesia y Geof\u00edsica (CEGG)<\/strong><br><img decoding=\"async\" width=\"500\" src=\"https:\/\/info.igme.es\/media\/images\/Banner_CEGG_new.png\" alt=\"...\"><br><br><strong>Instituto Geogr\u00e1fico Nacional<\/strong><br><img decoding=\"async\" width=\"500\" src=\"https:\/\/eventos.topografia.upm.es\/ahpgg2026\/wp-content\/uploads\/sites\/2\/2025\/09\/escudoInstitucional.png\" alt=\"...\"><\/h5><\/div>\n<\/div><\/div>\n\n\n\n<div id=\"venue\" class=\"wp-block-uagb-container uagb-layout-grid uagb-block-2f8b2958 alignfull uagb-is-root-container\"><div class=\"uagb-container-inner-blocks-wrap\">\n<div class=\"wp-block-uagb-info-box uagb-block-65c7a8dc uagb-infobox__content-wrap  uagb-infobox-icon-above-title uagb-infobox-image-valign-top\"><div class=\"uagb-ifb-content\"><div class=\"uagb-ifb-title-wrap\"><h2 class=\"uagb-ifb-title\">Como l\u00e1 chegar<\/h2><\/div><p class=\"uagb-ifb-desc\">Escuela T\u00e9cnica Superior de Ingenieros en Topograf\u00eda, Geodesia y Cartograf\u00eda. Universidad Polit\u00e9cnica de Madrid.<br><br>Campus Sur UPM, C. Mercator, 2, Puente de Vallecas, 28031 Madrid<br><strong><a href=\"https:\/\/www.topografia.upm.es\/english\/Location\" target=\"_blank\" rel=\"noreferrer noopener\">Transportation options<\/a><\/strong><\/p><div class=\"uagb-ifb-button-wrapper wp-block-button\"><a href=\"https:\/\/maps.google.com\/maps?ll=40.389205,-3.630049&amp;z=14&amp;t=m&amp;hl=en&amp;gl=US&amp;mapclient=embed&amp;cid=13782105633838725228\" class=\"uagb-infobox-cta-link wp-block-button__link\" target=\"_blank\" rel=\"noopener noreferrer\"><span class=\"uagb-inline-editing\">Ver no Google Maps<\/span><\/a><\/div><\/div><\/div>\n\n\n\n<div class=\"wp-block-uagb-container uagb-block-ed4a0474\">\t\t\t<div \n\t\t\tclass=\"wp-block-uagb-google-map uagb-google-map__wrap uagb-block-0a7de2de     \"\n\t\t\tstyle=\"\" >\n\t\t\t\t<embed\n\t\t\t\t\tclass=\"uagb-google-map__iframe\"\n\t\t\t\t\ttitle=\"Mapa de Google de\"\n\t\t\t\t\tsrc=\"https:\/\/maps.google.com\/maps?q=ETSI%20Topografia%2C%20Geodesia%20y%20Cartograf%C3%ADa%2C%20Calle%20Mercator%202%2C%2028031%2C%20Madrid&#038;z=14&#038;hl=en&#038;t=m&#038;output=embed&#038;iwloc=near\"\n\t\t\t\t\twidth=\"640\"\n\t\t\t\t\theight=\"518\"\n\t\t\t\t\tloading=\"lazy\"\n\t\t\t\t><\/embed>\n\t\t\t<\/div>\n\t\t\t<\/div>\n<\/div><\/div>\n\n\n\n<p><\/p>\n","protected":false},"excerpt":{"rendered":"<p>12\u00aa Assembleia Luso-Espanhola de Geodesia e Geof\u00edsica (AHPGG) 16 a 19 de junho de 2026, ETSI Topograf\u00eda, Geodesia y Cartograf\u00eda, [&hellip;]<\/p>\n","protected":false},"author":2,"featured_media":0,"parent":0,"menu_order":0,"comment_status":"closed","ping_status":"closed","template":"","meta":{"_uag_custom_page_level_css":"","site-sidebar-layout":"default","site-content-layout":"","ast-site-content-layout":"default","site-content-style":"default","site-sidebar-style":"default","ast-global-header-display":"","ast-banner-title-visibility":"","ast-main-header-display":"","ast-hfb-above-header-display":"","ast-hfb-below-header-display":"","ast-hfb-mobile-header-display":"","site-post-title":"disabled","ast-breadcrumbs-content":"","ast-featured-img":"","footer-sml-layout":"","ast-disable-related-posts":"","theme-transparent-header-meta":"","adv-header-id-meta":"","stick-header-meta":"","header-above-stick-meta":"","header-main-stick-meta":"","header-below-stick-meta":"","astra-migrate-meta-layouts":"default","ast-page-background-enabled":"default","ast-page-background-meta":{"desktop":{"background-color":"var(--ast-global-color-4)","background-image":"","background-repeat":"repeat","background-position":"center center","background-size":"auto","background-attachment":"scroll","background-type":"","background-media":"","overlay-type":"","overlay-color":"","overlay-opacity":"","overlay-gradient":""},"tablet":{"background-color":"","background-image":"","background-repeat":"repeat","background-position":"center center","background-size":"auto","background-attachment":"scroll","background-type":"","background-media":"","overlay-type":"","overlay-color":"","overlay-opacity":"","overlay-gradient":""},"mobile":{"background-color":"","background-image":"","background-repeat":"repeat","background-position":"center center","background-size":"auto","background-attachment":"scroll","background-type":"","background-media":"","overlay-type":"","overlay-color":"","overlay-opacity":"","overlay-gradient":""}},"ast-content-background-meta":{"desktop":{"background-color":"var(--ast-global-color-5)","background-image":"","background-repeat":"repeat","background-position":"center center","background-size":"auto","background-attachment":"scroll","background-type":"","background-media":"","overlay-type":"","overlay-color":"","overlay-opacity":"","overlay-gradient":""},"tablet":{"background-color":"var(--ast-global-color-5)","background-image":"","background-repeat":"repeat","background-position":"center center","background-size":"auto","background-attachment":"scroll","background-type":"","background-media":"","overlay-type":"","overlay-color":"","overlay-opacity":"","overlay-gradient":""},"mobile":{"background-color":"var(--ast-global-color-5)","background-image":"","background-repeat":"repeat","background-position":"center center","background-size":"auto","background-attachment":"scroll","background-type":"","background-media":"","overlay-type":"","overlay-color":"","overlay-opacity":"","overlay-gradient":""}},"footnotes":""},"class_list":["post-65","page","type-page","status-publish","hentry"],"uagb_featured_image_src":{"full":false,"thumbnail":false,"medium":false,"medium_large":false,"large":false,"1536x1536":false,"2048x2048":false},"uagb_author_info":{"display_name":"ahpgg2026","author_link":"https:\/\/eventos.topografia.upm.es\/ahpgg2026\/author\/ahpgg2026\/"},"uagb_comment_info":0,"uagb_excerpt":"12\u00aa Assembleia Luso-Espanhola de Geodesia e Geof\u00edsica (AHPGG) 16 a 19 de junho de 2026, ETSI Topograf\u00eda, Geodesia y Cartograf\u00eda, [&hellip;]","_links":{"self":[{"href":"https:\/\/eventos.topografia.upm.es\/ahpgg2026\/wp-json\/wp\/v2\/pages\/65","targetHints":{"allow":["GET"]}}],"collection":[{"href":"https:\/\/eventos.topografia.upm.es\/ahpgg2026\/wp-json\/wp\/v2\/pages"}],"about":[{"href":"https:\/\/eventos.topografia.upm.es\/ahpgg2026\/wp-json\/wp\/v2\/types\/page"}],"author":[{"embeddable":true,"href":"https:\/\/eventos.topografia.upm.es\/ahpgg2026\/wp-json\/wp\/v2\/users\/2"}],"replies":[{"embeddable":true,"href":"https:\/\/eventos.topografia.upm.es\/ahpgg2026\/wp-json\/wp\/v2\/comments?post=65"}],"version-history":[{"count":11,"href":"https:\/\/eventos.topografia.upm.es\/ahpgg2026\/wp-json\/wp\/v2\/pages\/65\/revisions"}],"predecessor-version":[{"id":447,"href":"https:\/\/eventos.topografia.upm.es\/ahpgg2026\/wp-json\/wp\/v2\/pages\/65\/revisions\/447"}],"wp:attachment":[{"href":"https:\/\/eventos.topografia.upm.es\/ahpgg2026\/wp-json\/wp\/v2\/media?parent=65"}],"curies":[{"name":"wp","href":"https:\/\/api.w.org\/{rel}","templated":true}]}}