
{"id":64,"date":"2025-08-20T12:42:05","date_gmt":"2025-08-20T10:42:05","guid":{"rendered":"https:\/\/eventos.topografia.upm.es\/ahpgg2026\/english\/"},"modified":"2026-04-19T17:22:36","modified_gmt":"2026-04-19T15:22:36","slug":"english","status":"publish","type":"page","link":"https:\/\/eventos.topografia.upm.es\/ahpgg2026\/en\/english\/","title":{"rendered":"main_en"},"content":{"rendered":"\n<div class=\"wp-block-uagb-advanced-heading uagb-block-003dba0b\" id=\"about\"><h2 class=\"uagb-heading-text\">12<sup>th<\/sup> Spanish-Portuguese Assembly of Geodesy and Geophysics (AHPGG)<\/h2><\/div>\n\n\n\n<p class=\"has-ast-global-color-1-color has-text-color has-link-color wp-elements-e02a52bc0694c063a46c96d932336b8b\" style=\"font-size:22px\"><strong>June 16-19, 2026, ETSI Topograf\u00eda, Geodesia y Cartograf\u00eda, Universidad Polit\u00e9cnica de Madrid, Madrid, Spain<\/strong><\/p>\n\n\n\n<div class=\"wp-block-uagb-container uagb-block-24aa4910 alignfull uagb-is-root-container\"><div class=\"uagb-container-inner-blocks-wrap\">\n<figure class=\"wp-block-image aligncenter size-large is-resized\"><img loading=\"lazy\" decoding=\"async\" width=\"1024\" height=\"313\" src=\"https:\/\/eventos.topografia.upm.es\/ahpgg2026\/wp-content\/uploads\/sites\/2\/2025\/10\/logo_ahpgg_2026-e1759602168802-1024x313.jpg\" alt=\"\" class=\"wp-image-221\" style=\"width:841px;height:auto\" srcset=\"https:\/\/eventos.topografia.upm.es\/ahpgg2026\/wp-content\/uploads\/sites\/2\/2025\/10\/logo_ahpgg_2026-e1759602168802-1024x313.jpg 1024w, https:\/\/eventos.topografia.upm.es\/ahpgg2026\/wp-content\/uploads\/sites\/2\/2025\/10\/logo_ahpgg_2026-e1759602168802-300x92.jpg 300w, https:\/\/eventos.topografia.upm.es\/ahpgg2026\/wp-content\/uploads\/sites\/2\/2025\/10\/logo_ahpgg_2026-e1759602168802-768x234.jpg 768w, https:\/\/eventos.topografia.upm.es\/ahpgg2026\/wp-content\/uploads\/sites\/2\/2025\/10\/logo_ahpgg_2026-e1759602168802-1536x469.jpg 1536w, https:\/\/eventos.topografia.upm.es\/ahpgg2026\/wp-content\/uploads\/sites\/2\/2025\/10\/logo_ahpgg_2026-e1759602168802-2048x625.jpg 2048w\" sizes=\"auto, (max-width: 1024px) 100vw, 1024px\" \/><\/figure>\n<\/div><\/div>\n\n\n\n<div class=\"wp-block-uagb-container uagb-block-64e5e7d5 alignfull uagb-is-root-container\"><div class=\"uagb-container-inner-blocks-wrap\">\n<div class=\"wp-block-uagb-info-box uagb-block-cae5bbf9 uagb-infobox__content-wrap  uagb-infobox-icon-above-title uagb-infobox-image-valign-top\"><div class=\"uagb-ifb-content\"><div class=\"uagb-ifb-title-wrap\"><p class=\"uagb-ifb-title\"><strong>The Spanish-Portuguese Assembly of Geodesy and Geophysics, which held its first meeting in Almer\u00eda in 1998, began meeting every two years, alternating between the two countries responsible, Spain and Portugal. Over the course of its sessions, it has established itself as a research forum in the fields of Geodesy, Seismology, Meteorology, Geomagnetism, Hydrology, Oceanography, Volcanology, Applied Geophysics, and Cryospheric Sciences, as well as a place for meeting and scientific exchange between Spanish and Portuguese researchers through the presentation and discussion of papers in these fields. The COVID-19 period marked the largest gap in the established periodicity, which we now wish to resume. Thus, two years after the last meeting, which took place in \u00c9vora in 2024, the 2026 meeting will be held in Spain. Next June, from the 16th to the 19th, Universidad Polit\u00e9cnica de Madrid and its Higher Technical School of Topography, Geodesy, and Cartography will host the 12th Spanish-Portuguese Assembly of Geodesy and Geophysics.<\/strong><\/p><\/div><\/div><\/div>\n\n\n\n<div class=\"wp-block-uagb-info-box uagb-block-4dd54389 uagb-infobox__content-wrap  uagb-infobox-icon-above-title uagb-infobox-image-valign-top\"><div class=\"uagb-ifb-content\"><div class=\"uagb-ifb-title-wrap\"><\/div><p class=\"uagb-ifb-desc\">To address the diverse range of topics, nine thematic sessions have been defined. All researchers are invited to participate in the various sessions and discussion forums, especially Spanish and Portuguese researchers, to present the results obtained in their most recent work. Given that it is appropriate to address regional studies throughout the Iberian Peninsula and surrounding areas, this invitation is extended to the scientific communities of Europe and the Maghreb, as well as to any foreign researchers interested in the topics of the nine sessions.<br><br>There will be reduced fees for students, prizes for the best student presentations, and the publication of the official Assembly book with the presentations received, as well as submission of selected articles to scientific journals.<\/p><\/div><\/div>\n<\/div><\/div>\n\n\n\n<p>To participate in AHPGG 2026, it is necessary to register through the&nbsp;<a href=\"http:\/\/eventos.upm.es\/login\/index\/139655.html\" target=\"_blank\" rel=\"noreferrer noopener\">Event Management System of Universidad Polit\u00e9cnica de Madrid<\/a>. The following guide covers the registration process in the Event Management System of Universidad Polit\u00e9cnica de Madrid, the submission of the abstract, and registration for AHPGG 2026:&nbsp;<a href=\"https:\/\/eventos.topografia.upm.es\/ahpgg2026\/wp-content\/uploads\/sites\/2\/2026\/04\/AHPGG_2026_Author_instructions_en_v2.pdf\" target=\"_blank\" rel=\"noreferrer noopener\">Instructions for authors<\/a><\/p>\n\n\n\n<div id=\"dates\" class=\"wp-block-uagb-container uagb-block-a469fce0 alignfull uagb-is-root-container\"><div class=\"uagb-container-inner-blocks-wrap\">\n<div class=\"wp-block-uagb-advanced-heading uagb-block-7929e617\"><h2 class=\"uagb-heading-text\">Dates<\/h2><\/div>\n\n\n\n<figure class=\"wp-block-table is-style-stripes\"><table><thead><tr><th>Dates<\/th><th>Events<\/th><\/tr><\/thead><tbody><tr><td>March 12, 2026<\/td><td>Registration and abstract submission periods begin<\/td><\/tr><tr><td><s>April\u00a026\u00a0<\/s>\u00a0<mark style=\"color:#cf2e2e\" class=\"has-inline-color\"><strong>May\u00a015, 2026<\/strong>\u00a0<\/mark><\/td><td>Deadline for submitting abstracts<\/td><\/tr><tr><td><s>April\u00a030\u00a0<\/s>\u00a0<strong><mark style=\"color:#cf2e2e\" class=\"has-inline-color\">May\u00a015, 2026<\/mark><\/strong>\u00a0<\/td><td>End of early bird registration period and start of regular registration period<\/td><\/tr><tr><td><s>May\u00a04\u00a0<\/s>\u00a0<mark style=\"color:#cf2e2e\" class=\"has-inline-color\"><strong>May\u00a020, 2026<\/strong>\u00a0<\/mark><\/td><td>Communication of acceptance of abstracts<\/td><\/tr><tr><td>May\u00a020,\u00a02026\u00a0<\/td><td>Publication of the provisional program<\/td><\/tr><tr><td><s>May\u00a015\u00a0<\/s>\u00a0<mark style=\"color:#cf2e2e\" class=\"has-inline-color\"><strong>June\u00a01, 2026<\/strong>\u00a0<\/mark><\/td><td>Registration deadline<\/td><\/tr><tr><td>June <strong>16 to 19, 2026<\/strong><\/td><td><strong>AHPGG 2026 Celebration<\/strong><\/td><\/tr><tr><td><s>September\u00a015\u00a0<\/s><strong> <\/strong><mark style=\"color:#cf2e2e\" class=\"has-inline-color\"><strong>October\u00a01, 2026<\/strong>\u00a0<\/mark><\/td><td>Deadline for submission of full articles for publication<\/td><\/tr><\/tbody><\/table><\/figure>\n<\/div><\/div>\n\n\n\n<div id=\"organization\" class=\"wp-block-uagb-container uagb-block-75e6ac48 alignfull uagb-is-root-container\"><div class=\"uagb-container-inner-blocks-wrap\">\n<div class=\"wp-block-uagb-advanced-heading uagb-block-06388d69\"><h2 class=\"uagb-heading-text\">Organization<\/h2><\/div>\n\n\n\n<div class=\"wp-block-uagb-advanced-heading uagb-block-fab95d2d\"><h5 class=\"uagb-heading-text\"><strong>Universidad Polit\u00e9cnica de Madrid<\/strong><br><img decoding=\"async\" width=\"300\" src=\"https:\/\/www.upm.es\/gsfs\/SFS24540\" alt=\"...\"><img decoding=\"async\" width=\"400\" class=\"wp-image-312\" src=\"https:\/\/eventos.topografia.upm.es\/ahpgg2026\/wp-content\/uploads\/sites\/2\/2025\/10\/logo_etsitgc.png\" alt=\"\"><br><br><strong>Comisi\u00f3n Espa\u00f1ola de Geodesia y Geof\u00edsica (CEGG)<\/strong><br><img decoding=\"async\" width=\"500\" src=\"https:\/\/info.igme.es\/media\/images\/Banner_CEGG_new.png\" alt=\"...\"><br><br><strong>Instituto Geogr\u00e1fico Nacional<\/strong><br><img decoding=\"async\" width=\"500\" src=\"https:\/\/eventos.topografia.upm.es\/ahpgg2026\/wp-content\/uploads\/sites\/2\/2025\/09\/escudoInstitucional.png\" alt=\"...\"><\/h5><\/div>\n<\/div><\/div>\n\n\n\n<div id=\"venue\" class=\"wp-block-uagb-container uagb-layout-grid uagb-block-2f8b2958 alignfull uagb-is-root-container\"><div class=\"uagb-container-inner-blocks-wrap\">\n<div class=\"wp-block-uagb-info-box uagb-block-65c7a8dc uagb-infobox__content-wrap  uagb-infobox-icon-above-title uagb-infobox-image-valign-top\"><div class=\"uagb-ifb-content\"><div class=\"uagb-ifb-title-wrap\"><h2 class=\"uagb-ifb-title\">Venue<\/h2><\/div><p class=\"uagb-ifb-desc\">Escuela T\u00e9cnica Superior de Ingenieros en Topograf\u00eda, Geodesia y Cartograf\u00eda. Universidad Polit\u00e9cnica de Madrid.<br><br>Campus Sur UPM, C. Mercator, 2, Puente de Vallecas, 28031 Madrid<br><strong><a href=\"https:\/\/www.topografia.upm.es\/english\/Location\" target=\"_blank\" rel=\"noreferrer noopener\">Transportation options<\/a><\/strong><\/p><div class=\"uagb-ifb-button-wrapper wp-block-button\"><a href=\"https:\/\/maps.google.com\/maps?ll=40.389205,-3.630049&amp;z=14&amp;t=m&amp;hl=en&amp;gl=US&amp;mapclient=embed&amp;cid=13782105633838725228\" class=\"uagb-infobox-cta-link wp-block-button__link\" target=\"_blank\" rel=\"noopener noreferrer\"><span class=\"uagb-inline-editing\">See in Google Maps<\/span><\/a><\/div><\/div><\/div>\n\n\n\n<div class=\"wp-block-uagb-container uagb-block-ed4a0474\">\t\t\t<div \n\t\t\tclass=\"wp-block-uagb-google-map uagb-google-map__wrap uagb-block-0a7de2de     \"\n\t\t\tstyle=\"\" >\n\t\t\t\t<embed\n\t\t\t\t\tclass=\"uagb-google-map__iframe\"\n\t\t\t\t\ttitle=\"Mapa de Google de\"\n\t\t\t\t\tsrc=\"https:\/\/maps.google.com\/maps?q=ETSI%20Topografia%2C%20Geodesia%20y%20Cartograf%C3%ADa%2C%20Calle%20Mercator%202%2C%2028031%2C%20Madrid&#038;z=14&#038;hl=en&#038;t=m&#038;output=embed&#038;iwloc=near\"\n\t\t\t\t\twidth=\"640\"\n\t\t\t\t\theight=\"518\"\n\t\t\t\t\tloading=\"lazy\"\n\t\t\t\t><\/embed>\n\t\t\t<\/div>\n\t\t\t<\/div>\n<\/div><\/div>\n\n\n\n<p><\/p>\n","protected":false},"excerpt":{"rendered":"<p>12th Spanish-Portuguese Assembly of Geodesy and Geophysics (AHPGG) June 16-19, 2026, ETSI Topograf\u00eda, Geodesia y Cartograf\u00eda, Universidad Polit\u00e9cnica de Madrid, [&hellip;]<\/p>\n","protected":false},"author":2,"featured_media":0,"parent":0,"menu_order":0,"comment_status":"closed","ping_status":"closed","template":"","meta":{"_uag_custom_page_level_css":"","site-sidebar-layout":"default","site-content-layout":"","ast-site-content-layout":"default","site-content-style":"default","site-sidebar-style":"default","ast-global-header-display":"","ast-banner-title-visibility":"","ast-main-header-display":"","ast-hfb-above-header-display":"","ast-hfb-below-header-display":"","ast-hfb-mobile-header-display":"","site-post-title":"disabled","ast-breadcrumbs-content":"","ast-featured-img":"","footer-sml-layout":"","ast-disable-related-posts":"","theme-transparent-header-meta":"","adv-header-id-meta":"","stick-header-meta":"","header-above-stick-meta":"","header-main-stick-meta":"","header-below-stick-meta":"","astra-migrate-meta-layouts":"default","ast-page-background-enabled":"default","ast-page-background-meta":{"desktop":{"background-color":"var(--ast-global-color-4)","background-image":"","background-repeat":"repeat","background-position":"center center","background-size":"auto","background-attachment":"scroll","background-type":"","background-media":"","overlay-type":"","overlay-color":"","overlay-opacity":"","overlay-gradient":""},"tablet":{"background-color":"","background-image":"","background-repeat":"repeat","background-position":"center center","background-size":"auto","background-attachment":"scroll","background-type":"","background-media":"","overlay-type":"","overlay-color":"","overlay-opacity":"","overlay-gradient":""},"mobile":{"background-color":"","background-image":"","background-repeat":"repeat","background-position":"center center","background-size":"auto","background-attachment":"scroll","background-type":"","background-media":"","overlay-type":"","overlay-color":"","overlay-opacity":"","overlay-gradient":""}},"ast-content-background-meta":{"desktop":{"background-color":"var(--ast-global-color-5)","background-image":"","background-repeat":"repeat","background-position":"center center","background-size":"auto","background-attachment":"scroll","background-type":"","background-media":"","overlay-type":"","overlay-color":"","overlay-opacity":"","overlay-gradient":""},"tablet":{"background-color":"var(--ast-global-color-5)","background-image":"","background-repeat":"repeat","background-position":"center center","background-size":"auto","background-attachment":"scroll","background-type":"","background-media":"","overlay-type":"","overlay-color":"","overlay-opacity":"","overlay-gradient":""},"mobile":{"background-color":"var(--ast-global-color-5)","background-image":"","background-repeat":"repeat","background-position":"center center","background-size":"auto","background-attachment":"scroll","background-type":"","background-media":"","overlay-type":"","overlay-color":"","overlay-opacity":"","overlay-gradient":""}},"footnotes":""},"class_list":["post-64","page","type-page","status-publish","hentry"],"uagb_featured_image_src":{"full":false,"thumbnail":false,"medium":false,"medium_large":false,"large":false,"1536x1536":false,"2048x2048":false},"uagb_author_info":{"display_name":"ahpgg2026","author_link":"https:\/\/eventos.topografia.upm.es\/ahpgg2026\/author\/ahpgg2026\/"},"uagb_comment_info":0,"uagb_excerpt":"12th Spanish-Portuguese Assembly of Geodesy and Geophysics (AHPGG) June 16-19, 2026, ETSI Topograf\u00eda, Geodesia y Cartograf\u00eda, Universidad Polit\u00e9cnica de Madrid, [&hellip;]","_links":{"self":[{"href":"https:\/\/eventos.topografia.upm.es\/ahpgg2026\/wp-json\/wp\/v2\/pages\/64","targetHints":{"allow":["GET"]}}],"collection":[{"href":"https:\/\/eventos.topografia.upm.es\/ahpgg2026\/wp-json\/wp\/v2\/pages"}],"about":[{"href":"https:\/\/eventos.topografia.upm.es\/ahpgg2026\/wp-json\/wp\/v2\/types\/page"}],"author":[{"embeddable":true,"href":"https:\/\/eventos.topografia.upm.es\/ahpgg2026\/wp-json\/wp\/v2\/users\/2"}],"replies":[{"embeddable":true,"href":"https:\/\/eventos.topografia.upm.es\/ahpgg2026\/wp-json\/wp\/v2\/comments?post=64"}],"version-history":[{"count":11,"href":"https:\/\/eventos.topografia.upm.es\/ahpgg2026\/wp-json\/wp\/v2\/pages\/64\/revisions"}],"predecessor-version":[{"id":450,"href":"https:\/\/eventos.topografia.upm.es\/ahpgg2026\/wp-json\/wp\/v2\/pages\/64\/revisions\/450"}],"wp:attachment":[{"href":"https:\/\/eventos.topografia.upm.es\/ahpgg2026\/wp-json\/wp\/v2\/media?parent=64"}],"curies":[{"name":"wp","href":"https:\/\/api.w.org\/{rel}","templated":true}]}}