
{"id":275,"date":"2025-10-05T22:28:21","date_gmt":"2025-10-05T20:28:21","guid":{"rendered":"https:\/\/eventos.topografia.upm.es\/ahpgg2026\/?page_id=275"},"modified":"2026-04-11T07:12:28","modified_gmt":"2026-04-11T05:12:28","slug":"venue_en","status":"publish","type":"page","link":"https:\/\/eventos.topografia.upm.es\/ahpgg2026\/en\/venue_en\/","title":{"rendered":"venue_en"},"content":{"rendered":"\n<h2 class=\"wp-block-heading has-text-align-center\" style=\"margin-top:var(--wp--preset--spacing--50)\">Additional information<\/h2>\n\n\n\n<div id=\"venue\" class=\"wp-block-uagb-container uagb-layout-grid uagb-block-2f8b2958 alignfull uagb-is-root-container\"><div class=\"uagb-container-inner-blocks-wrap\">\n<div class=\"wp-block-uagb-info-box uagb-block-65c7a8dc uagb-infobox__content-wrap  uagb-infobox-icon-above-title uagb-infobox-image-valign-top\"><div class=\"uagb-ifb-content\"><div class=\"uagb-ifb-title-wrap\"><h2 class=\"uagb-ifb-title\">Venue<\/h2><\/div><p class=\"uagb-ifb-desc\">Escuela T\u00e9cnica Superior de Ingenieros en Topograf\u00eda, Geodesia y Cartograf\u00eda. Universidad Polit\u00e9cnica de Madrid.<br><br>Campus Sur UPM, C. Mercator, 2, Puente de Vallecas, 28031 Madrid<br><strong><a href=\"https:\/\/www.topografia.upm.es\/english\/Location\" target=\"_blank\" rel=\"noreferrer noopener\">Transportation options<\/a><\/strong><\/p><div class=\"uagb-ifb-button-wrapper wp-block-button\"><a href=\"https:\/\/maps.google.com\/maps?ll=40.389205,-3.630049u0026amp;z=14u0026amp;t=mu0026amp;hl=enu0026amp;gl=USu0026amp;mapclient=embedu0026amp;cid=13782105633838725228\" class=\"uagb-infobox-cta-link wp-block-button__link\" target=\"_blank\" rel=\"noopener noreferrer\"><span class=\"uagb-inline-editing\">See in Google Maps<\/span><\/a><\/div><\/div><\/div>\n\n\n\n<div class=\"wp-block-uagb-container uagb-block-ed4a0474\">\t\t\t<div \n\t\t\tclass=\"wp-block-uagb-google-map uagb-google-map__wrap uagb-block-0a7de2de     \"\n\t\t\tstyle=\"\" >\n\t\t\t\t<embed\n\t\t\t\t\tclass=\"uagb-google-map__iframe\"\n\t\t\t\t\ttitle=\"Mapa de Google de\"\n\t\t\t\t\tsrc=\"https:\/\/maps.google.com\/maps?q=ETSI%20Topografia%2C%20Geodesia%20y%20Cartograf%C3%ADa%2C%20Calle%20Mercator%202%2C%2028031%2C%20Madrid&#038;z=14&#038;hl=en&#038;t=m&#038;output=embed&#038;iwloc=near\"\n\t\t\t\t\twidth=\"640\"\n\t\t\t\t\theight=\"518\"\n\t\t\t\t\tloading=\"lazy\"\n\t\t\t\t><\/embed>\n\t\t\t<\/div>\n\t\t\t<\/div>\n<\/div><\/div>\n\n\n\n<div id=\"accomodation\" class=\"wp-block-uagb-container uagb-block-7287f019 alignfull uagb-is-root-container\"><div class=\"uagb-container-inner-blocks-wrap\">\n<div class=\"wp-block-uagb-advanced-heading uagb-block-6354b5d2\"><h2 class=\"uagb-heading-text\">Accommodation<\/h2><\/div>\n\n\n\n<p>More information coming soon<\/p>\n<\/div><\/div>\n\n\n\n<div id=\"tourism\" class=\"wp-block-uagb-container uagb-block-e7b9596e alignfull uagb-is-root-container\"><div class=\"uagb-container-inner-blocks-wrap\">\n<div class=\"wp-block-uagb-advanced-heading uagb-block-36b0ee11\"><h2 class=\"uagb-heading-text\">Tourism in Madrid<\/h2><\/div>\n\n\n\n<p style=\"margin-top:0;margin-bottom:0\"><strong>Madrid: a vibrant city, perfect for hosting AHPGG 2026<\/strong><\/p>\n\n\n\n<p style=\"margin-top:var(--wp--preset--spacing--20);margin-bottom:var(--wp--preset--spacing--20)\"><strong>Madrid<\/strong>, the capital of Spain, is much more than a city: it is a meeting point between tradition and innovation, where the historical past coexists in harmony with a decidedly modern outlook. In 2025, Madrid becomes the ideal setting for AHPGG, offering its participants an enriching experience both professionally and culturally.<\/p>\n\n\n\n<p style=\"margin-top:var(--wp--preset--spacing--20);margin-bottom:var(--wp--preset--spacing--20)\">From the imposing Royal Palace to the emblematic&nbsp;<a href=\"https:\/\/www.esmadrid.com\/en\/tourist-information\/plaza-mayor-madrid\" target=\"_blank\" rel=\"noreferrer noopener\">Plaza Mayor<\/a>, Madrid captivates with its architectural elegance and welcoming character. The city is home to some of the world&#8217;s most prestigious museums, such as the&nbsp;<a href=\"https:\/\/www.esmadrid.com\/en\/tourist-information\/museo-del-prado\" target=\"_blank\" rel=\"noreferrer noopener\">Prado Museum<\/a>, the&nbsp;<a href=\"https:\/\/www.esmadrid.com\/en\/tourist-information\/reina-sofia-museum\" target=\"_blank\" rel=\"noreferrer noopener\">Reina Sofia<\/a>&nbsp;and the&nbsp;<a href=\"https:\/\/www.google.com\/maps\/dir\/...https:\/\/www.esmadrid.com\/en\/tourist-information\/thyssen-bornemisza-national-museum\" target=\"_blank\" rel=\"noreferrer noopener\">Thyssen-Bornemisza<\/a>, forming the famous Art Triangle, a must-see for culture lovers.<\/p>\n\n\n\n<figure class=\"wp-block-table\"><table class=\"has-fixed-layout\"><tbody><tr><td><img decoding=\"async\" alt=\"Plaza Mayor\" src=\"https:\/\/eventos.upm.es\/getFiles\/hash\/NlVjYkFTMwEDMlJDOmFjN3EWNmRTYiRDOczM5IDOhVD:L2pyaHVqN2I3SldlSjZXNUZidjU2aXJ1eW5laURqenJIV2NMSmVtNjlKUDFEQW5PZDhtbGhJdngwbDNWTXR3ZU53RHV6U3B4N0d5UFRQNi9nOVZJanV6S2FQU09aSXBUbEh2SjkrVk1mL1k0Y2ZrMTB1VThPUXF3amhRcWRyOGJhT29BWVdnR3Ryc2lGU3laWUppQmowNUdVdnpyOFlINnlCbTBWcU5qVG9XTVFiamUrbWo1a0FnR0pSamhCcENQeWtVMlV3WTZ0UnVHZDE3YW0yUU9Ud2hTazEwYmsyUXZLTEFMYUtsenpqWWYrWHJNVytaU1h6Uzd5NWdTYVdRZA==\"><strong><em>PLAZA MAYOR<\/em><\/strong><\/td><td><img decoding=\"async\" alt=\"Museo del Prado\" src=\"https:\/\/eventos.upm.es\/getFiles\/hash\/ZxEjZjlTYlNmZ0cDMmBDOwEjM2IzMxUjMYDZkBzNzED:S2hGNmt3QUxtQWcrcDlTWHBhdXMyQ3I0Um10YlJxSzhITDZxd1JYYXppV0k3bDFVV3g1MkhWWVkvUzlSNHRGNjJoVjE2RkVBdDI0dmtpcURDM2NzYU1uUE5qNGhVcFdKeVltNUxiajJJT2ZzS2FyRGZ5Sk5XS3l4QndVZEF5TXV4MGw5TmtpT25xRERVbGtTYXlXZDJWajduaUx0MHZHSndhU29RUjd5WmNuemhhdlA3aVpOWTd0NEJIeVJTZllUTlVwYklrayt4eHowVEhGZEp1ZllsZW9LYVVlZ0hiS2MvL0NYL2UrMXdvND0=\"><strong><em>MUSEO DEL PRADO<\/em><\/strong><\/td><\/tr><tr><td><img decoding=\"async\" alt=\"Museo Reina Sof\u00eda\" src=\"https:\/\/eventos.upm.es\/getFiles\/hash\/YjJDN2czM0AzYkRDMjJWN1MWO3IWMjBjNUzN3gjN2Im:Y1RHY2JvZVByc21UamtFZEpSQkZDTXpwV05OUURKeWViUFlrS0g3WWpsck1GcGlkTlNjZEtTd09uanVXQ0FCZDhvNklhTEpjRHdhVlBaZ3E2b3RKMXVlSFYrZUNIcGtzeHNCTnBzUXdXOUh2Q0RqQU83ZnF0eGg5L0htaHBZSVBqV1JXSUFHckdhaDhRK3dQcDVDdjl1cjF5MElwaUtqcVg0cEczNjIvV2E1enpqNnd4RUk2TmdQYnJLaFdJbVRPZXRrVk04Rjh5bUd5OERub3FOckdnTGsxNHhSK0NXb21hZVJKM0UwM0RYMD0=\"><strong><em>MUSEO REINA SOF\u00cdA<\/em><\/strong><\/td><td><img decoding=\"async\" alt=\"Museo Thyssen-Bornemisza\" src=\"https:\/\/eventos.upm.es\/getFiles\/hash\/Y4ITO2EmY4EzNxY2Y1gDNmRWNyYWZihTYMTM5E2NwEm:VEY5MGpna3REd0J0dTBZNDA2ZUkzVXJLVlVvRlBabldiZ2R4emFPOG5lS252TUlvQWtjMHpSREFEcEFReXZuLzl4VTJMTUZQdmk1WnFlTUdmUG1qM2xvUXM3cHM5VnN6ZDdUUndyTG93RElGRUd3c1FobWFtelFxRVdpWVppWENGWmxKV3FrMzhIN3IxTGFaQ0xRK1krR0t1QStIQ1pKQ3dyRWhSMmNUc1Z0NjZmK2prcWF3bzRwUlAzb29pRWZMZlorWW1Vem11UC9GZnRjVU0zRnZwbWRDb0RsdTJEUWFUTEgzS1pFT04xbG9lbVE5SmE2WFdVWnk1V0FQK2hwWjIycDNKWTFqOEREZGdTL240WU1teGc9PQ==\"><strong><em>THYSSEN-BORNEMISZA<\/em><\/strong><\/td><\/tr><\/tbody><\/table><\/figure>\n\n\n\n<p style=\"margin-top:0;margin-bottom:var(--wp--preset--spacing--20)\">Those attending AHPGG 2026 will also be able to enjoy green spaces such as the&nbsp;<a href=\"https:\/\/www.esmadrid.com\/en\/tourist-information\/parque-del-retiro\" target=\"_blank\" rel=\"noreferrer noopener\">Retiro Park<\/a>, declared World Heritage by UNESCO, or stroll along the dynamic&nbsp;<a href=\"https:\/\/www.esmadrid.com\/en\/tourist-information\/la-gran-via\" target=\"_blank\" rel=\"noreferrer noopener\">Gran V\u00eda<\/a>, full of life, stores, gastronomy and shows.<\/p>\n\n\n\n<figure class=\"wp-block-table\"><table class=\"has-fixed-layout\"><tbody><tr><td><img decoding=\"async\" alt=\"Parque del Retiro\" src=\"https:\/\/eventos.upm.es\/getFiles\/hash\/NiBDOkRzNlZjN1cTMjlTOlNzM1kzY0U2YgTN0E2YllT:YlBiT21DU21kNG5OZ20xZlYyMWFCdXZFUDg4czNZUWlXSFFHYW93TVlTQW50SEpZR1h2bDRBSEk3RHM2a0lhT1JPaERZMmZsWXM5SGhZaUNNMWYwMzkxWWIwLytNam1CdVF6eEVBUmNjWEFPNW5BWmRicHlYTkVPMHl3ZGVZQmFldlBuVHVJeDY5OWJlS21zWFRYdk1XT3NHZ3lOa3dua2Q1d3VzRUFJcUFVR3ZkRmZVUUhNYUFRQW1lU3lnckg5RmF1ZlNMVzdnWldZVy9rYjErUHlTQT09\"><strong><em>PARQUE DEL RETIRO<\/em><\/strong><\/td><td><img decoding=\"async\" alt=\"Gran V\u00eda\" src=\"https:\/\/eventos.upm.es\/getFiles\/hash\/YkJDZzkDMhVjNmdjNhFmZ5EWOyE2M0ATZEWMyQWYxMm:clZyTHo3S2xWQWlKVitUbG5uWFdMcFdweFVVL0lGbC84SDQ3cnQ2b0JKTm9TcGc3NkRzYTUwYkFZMFVibitTdnpiTTdLajhQWlFmMThaa1p0ZW82bTlTQk52dHVKN3NrTE45dEZ6REJSYkE3eEVUeXBLVjV6VXFPK3A0M1dGdmJrNjlLTU9xcGdVVENmWERiR2VNVUIxbWJORE0vZlF3TXBuWExNUFBOR2Rqc09ZUStWNVFGYWYzUmsvQ1VUdkRaMlprM2FmWG81c2Nlb3hHRElmUkQ4K0pVOUQ0WGhFcVQvaHpRRVp3d1Npbz0=\"><strong><em>GRAN V\u00cdA<\/em><\/strong><\/td><\/tr><\/tbody><\/table><\/figure>\n\n\n\n<p style=\"margin-top:0;margin-right:0;margin-bottom:var(--wp--preset--spacing--20);margin-left:0\">Thanks to its excellent transport network, modern congress infrastructure and hospitable atmosphere, Madrid guarantees a comfortable, inspiring and productive stay.<\/p>\n\n\n\n<figure class=\"wp-block-embed is-type-video is-provider-youtube wp-block-embed-youtube wp-embed-aspect-16-9 wp-has-aspect-ratio\" style=\"margin-top:var(--wp--preset--spacing--20);margin-bottom:var(--wp--preset--spacing--20)\"><div class=\"wp-block-embed__wrapper\">\n<iframe loading=\"lazy\" title=\"MADRID (ES)\" width=\"500\" height=\"281\" src=\"https:\/\/www.youtube.com\/embed\/oEbVbKufTII?feature=oembed\" frameborder=\"0\" allow=\"accelerometer; autoplay; clipboard-write; encrypted-media; gyroscope; picture-in-picture; web-share\" referrerpolicy=\"strict-origin-when-cross-origin\" allowfullscreen><\/iframe>\n<\/div><\/figure>\n\n\n\n<figure class=\"wp-block-embed is-type-video is-provider-youtube wp-block-embed-youtube wp-embed-aspect-16-9 wp-has-aspect-ratio\" style=\"margin-top:var(--wp--preset--spacing--20);margin-bottom:var(--wp--preset--spacing--20)\"><div class=\"wp-block-embed__wrapper\">\n<iframe loading=\"lazy\" title=\"Madrid, a beautiful life!\" width=\"500\" height=\"281\" src=\"https:\/\/www.youtube.com\/embed\/T-d2yfOcUvM?feature=oembed\" frameborder=\"0\" allow=\"accelerometer; autoplay; clipboard-write; encrypted-media; gyroscope; picture-in-picture; web-share\" referrerpolicy=\"strict-origin-when-cross-origin\" allowfullscreen><\/iframe>\n<\/div><\/figure>\n\n\n\n<p style=\"margin-top:0.4rem;margin-right:0;margin-bottom:0.4rem;margin-left:0\">Discover all the things-to-do in Madrid through its&nbsp;<a href=\"https:\/\/www.esmadrid.com\/en\" target=\"_blank\" rel=\"noreferrer noopener\">Madrid Official tourism website<\/a><\/p>\n\n\n\n<p style=\"margin-top:0.4rem;margin-right:0;margin-bottom:0.4rem;margin-left:0\"><a href=\"https:\/\/www.esmadrid.com\/en\/getting-madrid-plane\" target=\"_blank\" rel=\"noreferrer noopener\">GETTING MADRID BY PLANE<\/a><\/p>\n\n\n\n<p style=\"margin-top:0.4rem;margin-right:0;margin-bottom:0.4rem;margin-left:0\"><a href=\"https:\/\/www.esmadrid.com\/en\/madrid-by-train\" target=\"_blank\" rel=\"noreferrer noopener\">GETTING MADRID BY TRAIN<\/a><\/p>\n\n\n\n<p style=\"margin-top:0.4rem;margin-right:0;margin-bottom:0.4rem;margin-left:0\"><a href=\"https:\/\/www.esmadrid.com\/en\/madrid-by-car\" target=\"_blank\" rel=\"noreferrer noopener\">GETTING MADRID BY CAR<\/a><\/p>\n<\/div><\/div>\n\n\n\n<p><\/p>\n","protected":false},"excerpt":{"rendered":"<p>Additional information Accommodation More information coming soon Tourism in Madrid Madrid: a vibrant city, perfect for hosting AHPGG 2026 Madrid, [&hellip;]<\/p>\n","protected":false},"author":2,"featured_media":0,"parent":0,"menu_order":0,"comment_status":"closed","ping_status":"closed","template":"","meta":{"_uag_custom_page_level_css":"","site-sidebar-layout":"default","site-content-layout":"","ast-site-content-layout":"normal-width-container","site-content-style":"default","site-sidebar-style":"default","ast-global-header-display":"","ast-banner-title-visibility":"","ast-main-header-display":"","ast-hfb-above-header-display":"","ast-hfb-below-header-display":"","ast-hfb-mobile-header-display":"","site-post-title":"disabled","ast-breadcrumbs-content":"","ast-featured-img":"","footer-sml-layout":"","ast-disable-related-posts":"","theme-transparent-header-meta":"","adv-header-id-meta":"","stick-header-meta":"","header-above-stick-meta":"","header-main-stick-meta":"","header-below-stick-meta":"","astra-migrate-meta-layouts":"default","ast-page-background-enabled":"default","ast-page-background-meta":{"desktop":{"background-color":"var(--ast-global-color-4)","background-image":"","background-repeat":"repeat","background-position":"center center","background-size":"auto","background-attachment":"scroll","background-type":"","background-media":"","overlay-type":"","overlay-color":"","overlay-opacity":"","overlay-gradient":""},"tablet":{"background-color":"","background-image":"","background-repeat":"repeat","background-position":"center center","background-size":"auto","background-attachment":"scroll","background-type":"","background-media":"","overlay-type":"","overlay-color":"","overlay-opacity":"","overlay-gradient":""},"mobile":{"background-color":"","background-image":"","background-repeat":"repeat","background-position":"center center","background-size":"auto","background-attachment":"scroll","background-type":"","background-media":"","overlay-type":"","overlay-color":"","overlay-opacity":"","overlay-gradient":""}},"ast-content-background-meta":{"desktop":{"background-color":"var(--ast-global-color-5)","background-image":"","background-repeat":"repeat","background-position":"center center","background-size":"auto","background-attachment":"scroll","background-type":"","background-media":"","overlay-type":"","overlay-color":"","overlay-opacity":"","overlay-gradient":""},"tablet":{"background-color":"var(--ast-global-color-5)","background-image":"","background-repeat":"repeat","background-position":"center center","background-size":"auto","background-attachment":"scroll","background-type":"","background-media":"","overlay-type":"","overlay-color":"","overlay-opacity":"","overlay-gradient":""},"mobile":{"background-color":"var(--ast-global-color-5)","background-image":"","background-repeat":"repeat","background-position":"center center","background-size":"auto","background-attachment":"scroll","background-type":"","background-media":"","overlay-type":"","overlay-color":"","overlay-opacity":"","overlay-gradient":""}},"footnotes":""},"class_list":["post-275","page","type-page","status-publish","hentry"],"uagb_featured_image_src":{"full":false,"thumbnail":false,"medium":false,"medium_large":false,"large":false,"1536x1536":false,"2048x2048":false},"uagb_author_info":{"display_name":"ahpgg2026","author_link":"https:\/\/eventos.topografia.upm.es\/ahpgg2026\/author\/ahpgg2026\/"},"uagb_comment_info":0,"uagb_excerpt":"Additional information Accommodation More information coming soon Tourism in Madrid Madrid: a vibrant city, perfect for hosting AHPGG 2026 Madrid, [&hellip;]","_links":{"self":[{"href":"https:\/\/eventos.topografia.upm.es\/ahpgg2026\/wp-json\/wp\/v2\/pages\/275","targetHints":{"allow":["GET"]}}],"collection":[{"href":"https:\/\/eventos.topografia.upm.es\/ahpgg2026\/wp-json\/wp\/v2\/pages"}],"about":[{"href":"https:\/\/eventos.topografia.upm.es\/ahpgg2026\/wp-json\/wp\/v2\/types\/page"}],"author":[{"embeddable":true,"href":"https:\/\/eventos.topografia.upm.es\/ahpgg2026\/wp-json\/wp\/v2\/users\/2"}],"replies":[{"embeddable":true,"href":"https:\/\/eventos.topografia.upm.es\/ahpgg2026\/wp-json\/wp\/v2\/comments?post=275"}],"version-history":[{"count":4,"href":"https:\/\/eventos.topografia.upm.es\/ahpgg2026\/wp-json\/wp\/v2\/pages\/275\/revisions"}],"predecessor-version":[{"id":437,"href":"https:\/\/eventos.topografia.upm.es\/ahpgg2026\/wp-json\/wp\/v2\/pages\/275\/revisions\/437"}],"wp:attachment":[{"href":"https:\/\/eventos.topografia.upm.es\/ahpgg2026\/wp-json\/wp\/v2\/media?parent=275"}],"curies":[{"name":"wp","href":"https:\/\/api.w.org\/{rel}","templated":true}]}}