
{"id":268,"date":"2025-10-05T13:45:10","date_gmt":"2025-10-05T11:45:10","guid":{"rendered":"https:\/\/eventos.topografia.upm.es\/ahpgg2026\/?page_id=268"},"modified":"2026-04-19T18:07:20","modified_gmt":"2026-04-19T16:07:20","slug":"content_en","status":"publish","type":"page","link":"https:\/\/eventos.topografia.upm.es\/ahpgg2026\/en\/content_en\/","title":{"rendered":"content_en"},"content":{"rendered":"\n<h2 class=\"wp-block-heading has-text-align-center\" style=\"border-style:none;border-width:0px;margin-top:var(--wp--preset--spacing--50);margin-bottom:0;font-size:30px\">The Assembly<\/h2>\n\n\n\n<div id=\"committees\" class=\"wp-block-uagb-container uagb-block-a469fce0 alignfull uagb-is-root-container\"><div class=\"uagb-container-inner-blocks-wrap\">\n<div class=\"wp-block-uagb-advanced-heading uagb-block-003dba0b\"><h2 class=\"uagb-heading-text\">Committees<\/h2><\/div>\n\n\n\n<h2 class=\"wp-block-heading\" style=\"margin-top:var(--wp--preset--spacing--30);margin-bottom:var(--wp--preset--spacing--20);font-size:21px\">Organizer committee<\/h2>\n\n\n\n<ul style=\"margin-top:0;margin-bottom:0\" class=\"wp-block-list\">\n<li><a href=\"https:\/\/www.transportes.gob.es\/organos-colegiados\/comision-espanola-de-geodesia-y-geofisica\/cegg\">Comisi\u00f3n Espa\u00f1ola de Geodesia y Geof\u00edsica<\/a> (CEGG)\n<ul class=\"wp-block-list\">\n<li>Jos\u00e9 Antonio S\u00e1nchez Sobrino<\/li>\n<\/ul>\n<\/li>\n\n\n\n<li><a href=\"https:\/\/www.topografia.upm.es\/\" data-type=\"link\" data-id=\"https:\/\/www.topografia.upm.es\/\">E.T.S.I. en Topograf\u00eda, Geodesia y Cartograf\u00eda<\/a> (UPM)\n<ul class=\"wp-block-list\">\n<li>Ram\u00f3n Pablo Alcarria Garrido<\/li>\n\n\n\n<li>Jos\u00e9 Juan Arranz Justel<\/li>\n\n\n\n<li>Jos\u00e9 Luis Garc\u00eda Pallero<\/li>\n\n\n\n<li>Jorge Miguel Gaspar Escribano<\/li>\n\n\n\n<li>Jos\u00e9 Manuel G\u00f3mez Gim\u00e9nez<\/li>\n\n\n\n<li>Juan Francisco Prieto Mor\u00edn <\/li>\n\n\n\n<li>Joaqu\u00edn del R\u00edo Reyes<\/li>\n\n\n\n<li>Izar Sinde Gonz\u00e1lez<\/li>\n\n\n\n<li>Alejandra Staller V\u00e1zquez<\/li>\n<\/ul>\n<\/li>\n<\/ul>\n\n\n\n<h2 class=\"wp-block-heading\" style=\"margin-top:var(--wp--preset--spacing--40);margin-bottom:var(--wp--preset--spacing--20);font-size:21px\">Scientific committees<\/h2>\n\n\n\n<p style=\"margin-top:var(--wp--preset--spacing--20);margin-bottom:var(--wp--preset--spacing--20)\"><strong><strong>S01 &#8211; Geodesy<\/strong><\/strong><\/p>\n\n\n\n<ul class=\"wp-block-list\">\n<li><strong>Esther Azcue Infanz\u00f3n<\/strong> (Instituto Geogr\u00e1fico Nacional)<\/li>\n\n\n\n<li><strong>Helena Cristina Ribeiro<\/strong> (Dire\u00e7\u00e3o-Geral do Territ\u00f3rio)<\/li>\n\n\n\n<li><strong>David Rodriguez Collantes <\/strong>(Real Instituto y Observatorio de la Armada)<\/li>\n<\/ul>\n\n\n\n<p style=\"margin-top:var(--wp--preset--spacing--20);margin-bottom:var(--wp--preset--spacing--20)\"><b>S02 &#8211; <\/b><strong>Seismology and Physics of the Earth&#8217;s Interior<\/strong><\/p>\n\n\n\n<ul class=\"wp-block-list\">\n<li><strong>Juli\u00e1n Garc\u00eda Mayordomo <\/strong>(Instituto Geol\u00f3gico y Minero de Espa\u00f1a &#8211; CSIC)<\/li>\n\n\n\n<li><strong>Lu\u00eds Matias<\/strong> (Instituto Dom Luiz, Universidade de Lisboa) <\/li>\n\n\n\n<li><strong>Luc\u00eda Lozano L\u00f3pez de Medrano <\/strong>(Instituto Geogr\u00e1fico Nacional)<\/li>\n<\/ul>\n\n\n\n<p style=\"margin-top:var(--wp--preset--spacing--20);margin-bottom:var(--wp--preset--spacing--20)\"><strong>S03 &#8211; <strong><strong>Geomagnetism and Aeronomy<\/strong><\/strong><\/strong><\/p>\n\n\n\n<ul class=\"wp-block-list\">\n<li><strong>Joan Miquel Torta Margalef <\/strong>(Consejo Superior de Investigaciones Cient\u00edficas)<\/li>\n\n\n\n<li><strong>Maria Alexandra Pais<\/strong> (Universidad de Coimbra)<\/li>\n\n\n\n<li><strong>Jos\u00e9 Manuel Tordesillas Garc\u00eda-Lillo <\/strong>(Instituto Geogr\u00e1fico Nacional)<\/li>\n<\/ul>\n\n\n\n<p style=\"margin-top:var(--wp--preset--spacing--20);margin-bottom:var(--wp--preset--spacing--20)\"><strong>S04 &#8211; <strong><strong><strong>Volcanology<\/strong><\/strong><\/strong><\/strong><\/p>\n\n\n\n<ul class=\"wp-block-list\">\n<li><strong>Carmen L\u00f3pez Moreno <\/strong>(Instituto Geogr\u00e1fico Nacional)<\/li>\n\n\n\n<li><strong>F\u00e1tima Viveiros <\/strong> (Universidade dos A\u00e7ores)<\/li>\n\n\n\n<li><strong>Adelina Geyer Traver <\/strong>(Consejo Superior de Investigaciones Cient\u00edficas)<\/li>\n<\/ul>\n\n\n\n<p style=\"margin-top:var(--wp--preset--spacing--20);margin-bottom:var(--wp--preset--spacing--20)\"><strong>S05 &#8211; <strong>Meteorology and Atmosphere Sciences<\/strong><\/strong><\/p>\n\n\n\n<ul class=\"wp-block-list\">\n<li><strong>Fernando Belda Esplugues <\/strong>(Agencia Estatal de Meteorolog\u00eda)<\/li>\n\n\n\n<li><strong>Rui Salgado<\/strong> (Universidade de Evora)<\/li>\n\n\n\n<li><strong>Estrella Guti\u00e9rrez Marco <\/strong>(Agencia Estatal de Meteorolog\u00eda)<\/li>\n<\/ul>\n\n\n\n<p style=\"margin-top:var(--wp--preset--spacing--20);margin-bottom:var(--wp--preset--spacing--20)\"><strong>S06 &#8211; <strong>Physical Oceanography<\/strong><\/strong><\/p>\n\n\n\n<ul class=\"wp-block-list\">\n<li><strong>Manuel Vargas Y\u00e1\u00f1ez <\/strong>(Instituto Espa\u00f1ol de Oceanograf\u00eda &#8211; CSIC)&nbsp;<\/li>\n\n\n\n<li><strong>Alexandra Maria Francisco Cravo<\/strong> (Universidade do Algarve)&nbsp;&nbsp;<\/li>\n\n\n\n<li><strong>Elena Tel P\u00e9rez <\/strong>(Instituto Espa\u00f1ol de Oceanograf\u00eda &#8211; CSIC)&nbsp;<\/li>\n<\/ul>\n\n\n\n<p style=\"margin-top:var(--wp--preset--spacing--20);margin-bottom:var(--wp--preset--spacing--20)\"><strong>S07 &#8211; <strong><strong>Hydrology<\/strong><\/strong><\/strong><\/p>\n\n\n\n<ul class=\"wp-block-list\">\n<li><strong>Luis Mar\u00eda Garrote de Marcos <\/strong>(Universidad Polit\u00e9cnica de Madrid)&nbsp;<\/li>\n\n\n\n<li><strong>Teresa Condesso de Melo<\/strong> (Universidade de Lisboa)&nbsp;&nbsp;<\/li>\n\n\n\n<li><strong>Mirta Dimas Su\u00e1rez <\/strong>(Centro de Estudios y Experimentaci\u00f3n de Obras)&nbsp;&nbsp;<\/li>\n<\/ul>\n\n\n\n<p style=\"margin-top:var(--wp--preset--spacing--20);margin-bottom:var(--wp--preset--spacing--20)\"><strong><strong>S08 \u2013 Applied Geophysics<\/strong><\/strong><\/p>\n\n\n\n<ul class=\"wp-block-list\">\n<li><strong>Fernando Bohoyo Mu\u00f1oz <\/strong>(Instituto Geol\u00f3gico y Minero de Espa\u00f1a &#8211; CSIC)&nbsp;<\/li>\n\n\n\n<li><strong>Elsa Ramalho<\/strong> (Laborat\u00f3rio Nacional de Energia e Geologia)&nbsp;<\/li>\n\n\n\n<li><strong>Mar\u00eda del Carmen Rey Moral <\/strong>(Instituto Geol\u00f3gico y Minero de Espa\u00f1a &#8211; CSIC)&nbsp;<\/li>\n<\/ul>\n\n\n\n<p style=\"margin-top:var(--wp--preset--spacing--20);margin-bottom:var(--wp--preset--spacing--20)\"><strong><strong>S09 \u2013 Cryospheric Sciences<\/strong><\/strong><\/p>\n\n\n\n<ul class=\"wp-block-list\">\n<li><strong>Miguel \u00c1ngel de Pablo Hern\u00e1ndez <\/strong>(Universidad Alcal\u00e1)<\/li>\n\n\n\n<li><strong>Ant\u00f3nio Manuel de Carvalho Soares Correia<\/strong> (Universidade de Evora)<\/li>\n\n\n\n<li><strong>Mar\u00eda Gema Llorens <\/strong>(Consejo Superior de Investigaciones Cient\u00edficas)<\/li>\n<\/ul>\n<\/div><\/div>\n\n\n\n<div id=\"author_instructions\" class=\"wp-block-uagb-container uagb-block-675796fa alignfull uagb-is-root-container\"><div class=\"uagb-container-inner-blocks-wrap\">\n<div class=\"wp-block-uagb-advanced-heading uagb-block-e7ff975a\"><h2 class=\"uagb-heading-text\">Communications<\/h2><\/div>\n\n\n\n<p style=\"margin-top:var(--wp--preset--spacing--40);margin-bottom:0\">All instructions for submitting papers to the 12th Spanish-Portuguese Assembly of Geodesy and Geophysics must be followed to ensure the consistency and quality of the content. As an Iberian and international event, papers written in Portuguese, Spanish, and English are accepted.<\/p>\n\n\n\n<p style=\"margin-top:var(--wp--preset--spacing--20);margin-bottom:var(--wp--preset--spacing--20)\">A summary of the presentation (abstract), of a maximum of 300 words, must be submitted before the deadline for submission of abstracts, using the following templates<\/p>\n\n\n\n<ul style=\"margin-top:0;margin-bottom:0\" class=\"wp-block-list\">\n<li><a href=\"https:\/\/eventos.topografia.upm.es\/ahpgg2026\/wp-content\/uploads\/sites\/2\/2025\/10\/AHPGG2026_abstract_pt.docx\">Template for abstracts in Portuguese<\/a><\/li>\n\n\n\n<li><a href=\"https:\/\/eventos.topografia.upm.es\/ahpgg2026\/wp-content\/uploads\/sites\/2\/2025\/10\/AHPGG2026_abstract_es.docx\">Template for abstracts in Spanish<\/a><\/li>\n\n\n\n<li><a href=\"https:\/\/eventos.topografia.upm.es\/ahpgg2026\/wp-content\/uploads\/sites\/2\/2025\/10\/AHPGG2026_abstract_en.docx\">Template for abstracts in English<\/a><\/li>\n<\/ul>\n\n\n\n<p style=\"margin-top:var(--wp--preset--spacing--30);margin-bottom:0\">The paper must be submitted through <a href=\"http:\/\/eventos.upm.es\/login\/index\/139655.html\" target=\"_blank\" rel=\"noreferrer noopener\">Universidad Polit\u00e9cnica de Madrid&#8217;s Event Management System<\/a>. The session topic and the type of presentation (oral or poster) in which you wish to participate must be indicated during registration. The following guide covers the registration process in the Event Management System of the Polytechnic University of Madrid, the submission of the abstract, and registration for AHPGG 2026: <a href=\"https:\/\/eventos.topografia.upm.es\/ahpgg2026\/wp-content\/uploads\/sites\/2\/2026\/04\/AHPGG_2026_Author_instructions_en_v2.pdf\" target=\"_blank\" rel=\"noreferrer noopener\">Instructions for authors<\/a><\/p>\n\n\n\n<p style=\"margin-top:var(--wp--preset--spacing--30);margin-bottom:0\">The Assembly will be organized in 9 sessions, coinciding with the topics that constitute the Spanish Commission of Geodesy and Geophysics:<\/p>\n\n\n\n<ul style=\"margin-top:0;margin-bottom:0\" class=\"wp-block-list\">\n<li>S.01. Geodesy<\/li>\n\n\n\n<li>S.02. Seismology and Physics of the Earth&#8217;s Interior<\/li>\n\n\n\n<li>S.03. Geomagnetism and Aeronomy<\/li>\n\n\n\n<li>S.04. Volcanology<\/li>\n\n\n\n<li>S.05. Meteorology and Atmospheric Sciences<\/li>\n\n\n\n<li>S.06. Physical Oceanography<\/li>\n\n\n\n<li>S.07. Hydrology<\/li>\n\n\n\n<li>S.08. Applied Geophysics<\/li>\n\n\n\n<li>S.09. Cryospheric Sciences<\/li>\n<\/ul>\n\n\n\n<p style=\"margin-top:var(--wp--preset--spacing--20);margin-bottom:0\">Subsequently, before September 15, 2026, full papers must be submitted. They will appear in the Assembly publication and will be sent digitally to all participants. Information on the template to be used for submitting final papers and the procedure to follow will be published shortly.<\/p>\n\n\n\n<p style=\"margin-top:var(--wp--preset--spacing--20);margin-bottom:var(--wp--preset--spacing--20)\">Papers accepted for oral presentation at the Assembly will be given a time limit for presentation and a time limit for answering questions raised by those present. These presentation times will be defined later, and are approximately 15 minutes long.<\/p>\n\n\n\n<p style=\"margin-top:var(--wp--preset--spacing--20);margin-bottom:0\">Papers presented as posters must be limited to a maximum of 70 x 100 cm, in vertical format.<\/p>\n<\/div><\/div>\n\n\n\n<div id=\"registration\" class=\"wp-block-uagb-container uagb-block-d1365163 alignfull uagb-is-root-container\"><div class=\"uagb-container-inner-blocks-wrap\">\n<div class=\"wp-block-uagb-advanced-heading uagb-block-bab540f1\"><h2 class=\"uagb-heading-text\">Registration<\/h2><\/div>\n\n\n\n<p>To participate in the AHPGG, you must register for the conference. Registration options are as follows:<\/p>\n\n\n\n<figure class=\"wp-block-table\"><table><tbody><tr><td><strong>Student registration*<\/strong><br>To prove student status, the receipt or proof of enrollment for the current course (including student details, degree or postgraduate level, subjects and payment confirmation) must be attached at the end of the registration form.<\/td><td class=\"has-text-align-center\" data-align=\"center\">150,00 \u20ac<\/td><\/tr><tr><td><strong>Until May 15th: Early bird registration*\u00a0<\/strong><\/td><td class=\"has-text-align-center\" data-align=\"center\">250,00 \u20ac<\/td><\/tr><tr><td><strong>Starting May 15th: Regular registration*<\/strong><br>* Student, early bird and regular registrations include assembly documentation, access to scientific sessions and workshops, oral or poster presentation of the submitted communication, publication of the communication in the assembly proceedings, coffee breaks, visit to the Royal Astronomical Observatory of Madrid with catering, visit to ETSI Mines and Energy &#8211; UPM with cocktail dinner.<\/td><td class=\"has-text-align-center\" data-align=\"center\">300,00 \u20ac<\/td><\/tr><tr><td><strong>Limited Registration for Undergraduate or Master&#8217;s Students (No Visits)<\/strong><br>This registration option is exclusively for undergraduate and master&#8217;s students and includes conference materials, access to scientific sessions and workshops, oral or poster presentation of the submitted paper, publication of the paper in the conference proceedings, and coffee breaks.<br><strong>It does NOT include<\/strong>: visits to Royal Astronomical Observatory of Madrid and ETSI Minas, or associated catering.<\/td><td class=\"has-text-align-center\" data-align=\"center\">75,00 \u20ac<\/td><\/tr><tr><td><strong>Companion registration &nbsp;&nbsp;<\/strong>&nbsp;&nbsp;<br>Companion registration includes only ROAM and ETSIME visits with catering and cocktail dinner respectively&nbsp;&nbsp;&nbsp;&nbsp;&nbsp;&nbsp;&nbsp;&nbsp;&nbsp;&nbsp;&nbsp;&nbsp;&nbsp;&nbsp;&nbsp;&nbsp;<\/td><td class=\"has-text-align-center\" data-align=\"center\">100,00 \u20ac<\/td><\/tr><\/tbody><\/table><\/figure>\n\n\n\n<p style=\"margin-top:0;margin-bottom:0\">To participate in AHPGG 2026, it is necessary to register through the <a href=\"http:\/\/eventos.upm.es\/login\/index\/139655.html\" target=\"_blank\" rel=\"noreferrer noopener\">Event Management System of Universidad Polit\u00e9cnica de Madrid<\/a>. The following guide covers the registration process in the Event Management System of Universidad Polit\u00e9cnica de Madrid, the submission of the abstract, and registration for AHPGG 2026: <a href=\"https:\/\/eventos.topografia.upm.es\/ahpgg2026\/wp-content\/uploads\/sites\/2\/2026\/04\/AHPGG_2026_Author_instructions_en_v2.pdf\" data-type=\"link\" data-id=\"https:\/\/drive.upm.es\/s\/dsqyqxwap7zRb3S\" target=\"_blank\" rel=\"noreferrer noopener\">Instructions for authors<\/a><\/p>\n<\/div><\/div>\n\n\n\n<div id=\"schedule\" class=\"wp-block-uagb-container uagb-block-2b70cd30 alignwide uagb-is-root-container\">\n<div class=\"wp-block-uagb-container uagb-block-60fb0f9c\">\n<div class=\"wp-block-uagb-advanced-heading uagb-block-d780603c\"><h2 class=\"uagb-heading-text\">Preliminary program<\/h2><\/div>\n\n\n\n<div class=\"wp-block-uagb-advanced-heading uagb-block-3af0d49f\"><p class=\"uagb-desc-text\">AHPGG 2026 will be held at the School of Topography, Geodesy, and Cartography (Universidad Polit\u00e9cnica de Madrid, UPM), from June 16 to 19, 2026.<\/p><\/div>\n<\/div>\n\n\n\n<figure class=\"wp-block-image size-full\"><img loading=\"lazy\" decoding=\"async\" width=\"2456\" height=\"1846\" src=\"https:\/\/eventos.topografia.upm.es\/ahpgg2026\/wp-content\/uploads\/sites\/2\/2026\/03\/programa_en_v2.png\" alt=\"\" class=\"wp-image-375\" \/><\/figure>\n<\/div>\n\n\n\n\n\n<p><\/p>\n","protected":false},"excerpt":{"rendered":"<p>The Assembly Committees Organizer committee Scientific committees S01 &#8211; Geodesy S02 &#8211; Seismology and Physics of the Earth&#8217;s Interior S03 [&hellip;]<\/p>\n","protected":false},"author":2,"featured_media":0,"parent":0,"menu_order":0,"comment_status":"closed","ping_status":"closed","template":"","meta":{"_uag_custom_page_level_css":"","site-sidebar-layout":"default","site-content-layout":"","ast-site-content-layout":"normal-width-container","site-content-style":"default","site-sidebar-style":"default","ast-global-header-display":"","ast-banner-title-visibility":"","ast-main-header-display":"","ast-hfb-above-header-display":"","ast-hfb-below-header-display":"","ast-hfb-mobile-header-display":"","site-post-title":"disabled","ast-breadcrumbs-content":"","ast-featured-img":"","footer-sml-layout":"","ast-disable-related-posts":"","theme-transparent-header-meta":"","adv-header-id-meta":"","stick-header-meta":"","header-above-stick-meta":"","header-main-stick-meta":"","header-below-stick-meta":"","astra-migrate-meta-layouts":"default","ast-page-background-enabled":"default","ast-page-background-meta":{"desktop":{"background-color":"var(--ast-global-color-4)","background-image":"","background-repeat":"repeat","background-position":"center center","background-size":"auto","background-attachment":"scroll","background-type":"","background-media":"","overlay-type":"","overlay-color":"","overlay-opacity":"","overlay-gradient":""},"tablet":{"background-color":"","background-image":"","background-repeat":"repeat","background-position":"center center","background-size":"auto","background-attachment":"scroll","background-type":"","background-media":"","overlay-type":"","overlay-color":"","overlay-opacity":"","overlay-gradient":""},"mobile":{"background-color":"","background-image":"","background-repeat":"repeat","background-position":"center center","background-size":"auto","background-attachment":"scroll","background-type":"","background-media":"","overlay-type":"","overlay-color":"","overlay-opacity":"","overlay-gradient":""}},"ast-content-background-meta":{"desktop":{"background-color":"var(--ast-global-color-5)","background-image":"","background-repeat":"repeat","background-position":"center center","background-size":"auto","background-attachment":"scroll","background-type":"","background-media":"","overlay-type":"","overlay-color":"","overlay-opacity":"","overlay-gradient":""},"tablet":{"background-color":"var(--ast-global-color-5)","background-image":"","background-repeat":"repeat","background-position":"center center","background-size":"auto","background-attachment":"scroll","background-type":"","background-media":"","overlay-type":"","overlay-color":"","overlay-opacity":"","overlay-gradient":""},"mobile":{"background-color":"var(--ast-global-color-5)","background-image":"","background-repeat":"repeat","background-position":"center center","background-size":"auto","background-attachment":"scroll","background-type":"","background-media":"","overlay-type":"","overlay-color":"","overlay-opacity":"","overlay-gradient":""}},"footnotes":""},"class_list":["post-268","page","type-page","status-publish","hentry"],"uagb_featured_image_src":{"full":false,"thumbnail":false,"medium":false,"medium_large":false,"large":false,"1536x1536":false,"2048x2048":false},"uagb_author_info":{"display_name":"ahpgg2026","author_link":"https:\/\/eventos.topografia.upm.es\/ahpgg2026\/author\/ahpgg2026\/"},"uagb_comment_info":0,"uagb_excerpt":"The Assembly Committees Organizer committee Scientific committees S01 &#8211; Geodesy S02 &#8211; Seismology and Physics of the Earth&#8217;s Interior S03 [&hellip;]","_links":{"self":[{"href":"https:\/\/eventos.topografia.upm.es\/ahpgg2026\/wp-json\/wp\/v2\/pages\/268","targetHints":{"allow":["GET"]}}],"collection":[{"href":"https:\/\/eventos.topografia.upm.es\/ahpgg2026\/wp-json\/wp\/v2\/pages"}],"about":[{"href":"https:\/\/eventos.topografia.upm.es\/ahpgg2026\/wp-json\/wp\/v2\/types\/page"}],"author":[{"embeddable":true,"href":"https:\/\/eventos.topografia.upm.es\/ahpgg2026\/wp-json\/wp\/v2\/users\/2"}],"replies":[{"embeddable":true,"href":"https:\/\/eventos.topografia.upm.es\/ahpgg2026\/wp-json\/wp\/v2\/comments?post=268"}],"version-history":[{"count":15,"href":"https:\/\/eventos.topografia.upm.es\/ahpgg2026\/wp-json\/wp\/v2\/pages\/268\/revisions"}],"predecessor-version":[{"id":452,"href":"https:\/\/eventos.topografia.upm.es\/ahpgg2026\/wp-json\/wp\/v2\/pages\/268\/revisions\/452"}],"wp:attachment":[{"href":"https:\/\/eventos.topografia.upm.es\/ahpgg2026\/wp-json\/wp\/v2\/media?parent=268"}],"curies":[{"name":"wp","href":"https:\/\/api.w.org\/{rel}","templated":true}]}}