
{"id":2,"date":"2025-07-18T15:30:05","date_gmt":"2025-07-18T13:30:05","guid":{"rendered":"https:\/\/eventos.topografia.upm.es\/ahpgg2026\/?page_id=2"},"modified":"2026-04-19T17:06:03","modified_gmt":"2026-04-19T15:06:03","slug":"main","status":"publish","type":"page","link":"https:\/\/eventos.topografia.upm.es\/ahpgg2026\/","title":{"rendered":"main"},"content":{"rendered":"\n<div class=\"wp-block-uagb-advanced-heading uagb-block-003dba0b\" id=\"about\"><h2 class=\"uagb-heading-text\">12\u00aa Asamblea Hispano-Portuguesa de Geodesia y Geof\u00edsica (AHPGG)<\/h2><\/div>\n\n\n\n<p class=\"has-ast-global-color-1-color has-text-color has-link-color wp-elements-995ec51506dad9f0397a22870b24bfc4\" style=\"font-size:22px\"><strong>16 a 19 de Junio 2026, <strong>ETSI Topograf\u00eda, Geodesia y Cartograf\u00eda,<\/strong><\/strong> <strong>Universidad Polit\u00e9cnica de Madrid, Madrid, Espa\u00f1a<\/strong><\/p>\n\n\n\n<div class=\"wp-block-uagb-container uagb-block-24aa4910 alignfull uagb-is-root-container\"><div class=\"uagb-container-inner-blocks-wrap\">\n<figure class=\"wp-block-image aligncenter size-large is-resized\"><img loading=\"lazy\" decoding=\"async\" width=\"1024\" height=\"313\" src=\"https:\/\/eventos.topografia.upm.es\/ahpgg2026\/wp-content\/uploads\/sites\/2\/2025\/10\/logo_ahpgg_2026-e1759602168802-1024x313.jpg\" alt=\"\" class=\"wp-image-221\" style=\"width:841px;height:auto\" srcset=\"https:\/\/eventos.topografia.upm.es\/ahpgg2026\/wp-content\/uploads\/sites\/2\/2025\/10\/logo_ahpgg_2026-e1759602168802-1024x313.jpg 1024w, https:\/\/eventos.topografia.upm.es\/ahpgg2026\/wp-content\/uploads\/sites\/2\/2025\/10\/logo_ahpgg_2026-e1759602168802-300x92.jpg 300w, https:\/\/eventos.topografia.upm.es\/ahpgg2026\/wp-content\/uploads\/sites\/2\/2025\/10\/logo_ahpgg_2026-e1759602168802-768x234.jpg 768w, https:\/\/eventos.topografia.upm.es\/ahpgg2026\/wp-content\/uploads\/sites\/2\/2025\/10\/logo_ahpgg_2026-e1759602168802-1536x469.jpg 1536w, https:\/\/eventos.topografia.upm.es\/ahpgg2026\/wp-content\/uploads\/sites\/2\/2025\/10\/logo_ahpgg_2026-e1759602168802-2048x625.jpg 2048w\" sizes=\"auto, (max-width: 1024px) 100vw, 1024px\" \/><\/figure>\n<\/div><\/div>\n\n\n\n<div class=\"wp-block-uagb-container uagb-block-64e5e7d5 alignfull uagb-is-root-container\"><div class=\"uagb-container-inner-blocks-wrap\">\n<div class=\"wp-block-uagb-info-box uagb-block-cae5bbf9 uagb-infobox__content-wrap  uagb-infobox-icon-above-title uagb-infobox-image-valign-top\"><div class=\"uagb-ifb-content\"><div class=\"uagb-ifb-title-wrap\"><p class=\"uagb-ifb-title\"><strong>La Asamblea Hispano Portuguesa de Geodesia y Geof\u00edsica, que tuvo su primera edici\u00f3n en Almer\u00eda en el a\u00f1o 1998, comenz\u00f3 a reunirse cada dos a\u00f1os, de forma alternada entre los dos pa\u00edses responsables, Espa\u00f1a y Portugal. A lo largo de sus ediciones, se consolid\u00f3 como un foro de investigaci\u00f3n en los campos de Geodesia, Sismolog\u00eda, Meteorolog\u00eda, Geomagnetismo, Hidrolog\u00eda, Oceanograf\u00eda, Vulcanolog\u00eda, Geof\u00edsica Aplicada y Ciencias de la Criosfera, as\u00ed como un lugar de encuentro e intercambio cient\u00edfico entre investigadores espa\u00f1oles y portugueses, a trav\u00e9s de la presentaci\u00f3n y discusi\u00f3n de trabajos en estos campos. El per\u00edodo del Covid marc\u00f3 la mayor brecha en la periodicidad establecida, que ahora queremos retomar. As\u00ed, despu\u00e9s de dos a\u00f1os desde la \u00faltima edici\u00f3n que tuvo lugar en \u00c9vora en 2024, la realizaci\u00f3n de la edici\u00f3n de 2026 corresponde a Espa\u00f1a. El pr\u00f3ximo mes de junio, entre los d\u00edas 16 y 19, la Universidad Polit\u00e9cnica de Madrid, y su Escuela T\u00e9cnica Superior de Ingenieros en Topograf\u00eda, Geodesia y Cartograf\u00eda, ser\u00e1 la sede de la 12\u00aa Asamblea Hispano Portuguesa de Geodesia y Geof\u00edsica.<\/strong><\/p><\/div><\/div><\/div>\n\n\n\n<div class=\"wp-block-uagb-info-box uagb-block-4dd54389 uagb-infobox__content-wrap  uagb-infobox-icon-above-title uagb-infobox-image-valign-top\"><div class=\"uagb-ifb-content\"><div class=\"uagb-ifb-title-wrap\"><\/div><p class=\"uagb-ifb-desc\">Para abordar la diversidad de temas, se han definido nueve sesiones tem\u00e1ticas. Se invita a todos los investigadores a participar en las diversas sesiones y foros de discusi\u00f3n, especialmente a los investigadores espa\u00f1oles y portugueses, para dar a conocer los resultados obtenidos en los trabajos m\u00e1s recientes. Dado que es conveniente abordar estudios de car\u00e1cter regional en toda la pen\u00ednsula ib\u00e9rica y \u00e1reas cercanas, esta invitaci\u00f3n se extiende a las comunidades cient\u00edficas de Europa y del Magreb, as\u00ed como a cualquier investigador extranjero interesado en los temas de las nueve sesiones.<br><br>Habr\u00e1 precios reducidos para estudiantes, premios para las mejores presentaciones de estudiantes y se publicar\u00e1 el libro oficial de la Asamblea con las presentaciones recibidas, as\u00ed como un env\u00edo a revistas cient\u00edficas de art\u00edculos seleccionados.<\/p><\/div><\/div>\n<\/div><\/div>\n\n\n\n<p>Para participar en AHPGG 2026, es necesario registrarse a trav\u00e9s del&nbsp;<a href=\"http:\/\/eventos.upm.es\/login\/index\/139655.html\" target=\"_blank\" rel=\"noreferrer noopener\">Sistema de Gesti\u00f3n de Eventos de la Universidad Polit\u00e9cnica de Madrid.<\/a>&nbsp;<strong>La siguiente gu\u00eda cubre el proceso de registro en el Sistema de Gesti\u00f3n de Eventos de la Universidad Polit\u00e9cnica de Madrid, el env\u00edo del resumen (abstract), y la inscripci\u00f3n al AHPGG 2026:&nbsp;<\/strong><a href=\"https:\/\/eventos.topografia.upm.es\/ahpgg2026\/wp-content\/uploads\/sites\/2\/2026\/04\/AHPGG_2026_Author_instructions_es_v2.pdf\" target=\"_blank\" rel=\"noreferrer noopener\">Instrucciones para autores<\/a><\/p>\n\n\n\n<div id=\"dates\" class=\"wp-block-uagb-container uagb-block-a469fce0 alignfull uagb-is-root-container\"><div class=\"uagb-container-inner-blocks-wrap\">\n<div class=\"wp-block-uagb-advanced-heading uagb-block-7929e617\"><h2 class=\"uagb-heading-text\">Fechas<\/h2><\/div>\n\n\n\n<figure class=\"wp-block-table is-style-stripes\"><table><thead><tr><th>Fechas<\/th><th>Eventos<\/th><\/tr><\/thead><tbody><tr><td>12 de Marzo de 2026<\/td><td>Inicio del plazo de inscripci\u00f3n y env\u00edo de res\u00famenes<\/td><\/tr><tr><td><s>26 de\u00a0abril\u00a0<\/s>\u00a0<strong><mark style=\"color:#cf2e2e\" class=\"has-inline-color\">15\u00a0de\u00a0mayo<\/mark><\/strong>\u00a0<\/td><td>Fecha l\u00edmite para el env\u00edo de res\u00famenes<\/td><\/tr><tr><td><s>30 de\u00a0abril\u00a0<\/s>\u00a0<mark style=\"color:#cf2e2e\" class=\"has-inline-color\"><strong>15\u00a0de\u00a0mayo<\/strong>\u00a0<\/mark><\/td><td>Fin de plazo de inscripci\u00f3n anticipada y comienzo de plazo de inscripci\u00f3n normal<\/td><\/tr><tr><td><s>4 de\u00a0mayo<\/s>\u00a0<mark style=\"color:#cf2e2e\" class=\"has-inline-color\"><strong>20\u00a0de\u00a0mayo<\/strong>\u00a0<\/mark><\/td><td>Comunicaci\u00f3n de aceptaci\u00f3n de res\u00famenes<\/td><\/tr><tr><td>20 de Mayo de 2026<\/td><td>Publicaci\u00f3n del programa provisional<\/td><\/tr><tr><td><s>15 de\u00a0mayo<\/s>\u00a0<mark style=\"color:#cf2e2e\" class=\"has-inline-color\"><strong>1 de\u00a0junio<\/strong>\u00a0<\/mark><\/td><td>Fin del plazo de inscripci\u00f3n<\/td><\/tr><tr><td><strong>16 a 19 de junio de 2026<\/strong><\/td><td><strong>Celebraci\u00f3n de AHPGG 2026<\/strong><\/td><\/tr><tr><td><s>15 de\u00a0septiembre<\/s>\u00a0<strong><mark style=\"color:#cf2e2e\" class=\"has-inline-color\">1\u00a0de\u00a0octubre<\/mark><\/strong><\/td><td>Fin del plazo para la presentaci\u00f3n de art\u00edculos completos para su publicaci\u00f3n<\/td><\/tr><\/tbody><\/table><\/figure>\n<\/div><\/div>\n\n\n\n<div id=\"organization\" class=\"wp-block-uagb-container uagb-block-75e6ac48 alignfull uagb-is-root-container\"><div class=\"uagb-container-inner-blocks-wrap\">\n<div class=\"wp-block-uagb-advanced-heading uagb-block-06388d69\"><h2 class=\"uagb-heading-text\">Organizaci\u00f3n<\/h2><\/div>\n\n\n\n<div class=\"wp-block-uagb-advanced-heading uagb-block-fab95d2d\"><h5 class=\"uagb-heading-text\"><strong>Universidad Polit\u00e9cnica de Madrid<\/strong><br><img decoding=\"async\" width=\"300\" src=\"https:\/\/www.upm.es\/gsfs\/SFS24540\" alt=\"...\"><img decoding=\"async\" width=\"400\" class=\"wp-image-312\" src=\"https:\/\/eventos.topografia.upm.es\/ahpgg2026\/wp-content\/uploads\/sites\/2\/2025\/10\/logo_etsitgc.png\" alt=\"\"><br><strong>Comisi\u00f3n Espa\u00f1ola de Geodesia y Geof\u00edsica (CEGG)<\/strong><br><img decoding=\"async\" width=\"500\" src=\"https:\/\/info.igme.es\/media\/images\/Banner_CEGG_new.png\" alt=\"...\"><br><br><strong>Instituto Geogr\u00e1fico Nacional<\/strong><br><img decoding=\"async\" width=\"500\" src=\"https:\/\/eventos.topografia.upm.es\/ahpgg2026\/wp-content\/uploads\/sites\/2\/2025\/09\/escudoInstitucional.png\" alt=\"...\"><\/h5><\/div>\n<\/div><\/div>\n\n\n\n<div id=\"venue\" class=\"wp-block-uagb-container uagb-layout-grid uagb-block-2f8b2958 alignfull uagb-is-root-container\"><div class=\"uagb-container-inner-blocks-wrap\">\n<div class=\"wp-block-uagb-info-box uagb-block-65c7a8dc uagb-infobox__content-wrap  uagb-infobox-icon-above-title uagb-infobox-image-valign-top\"><div class=\"uagb-ifb-content\"><div class=\"uagb-ifb-title-wrap\"><h2 class=\"uagb-ifb-title\">Como llegar<\/h2><\/div><p class=\"uagb-ifb-desc\">Escuela T\u00e9cnica Superior de Ingenieros en Topograf\u00eda, Geodesia y Cartograf\u00eda. Universidad Polit\u00e9cnica de Madrid.<br><br>Campus Sur UPM, C. Mercator, 2, Puente de Vallecas, 28031 Madrid.<br><a href=\"https:\/\/www.topografia.upm.es\/LaEscuela\/Situacion\" target=\"_blank\" rel=\"noreferrer noopener\"><strong>Situaci\u00f3n y accesos<\/strong><\/a><\/p><div class=\"uagb-ifb-button-wrapper wp-block-button\"><a href=\"https:\/\/maps.google.com\/maps?ll=40.389205,-3.630049&amp;z=14&amp;t=m&amp;hl=en&amp;gl=US&amp;mapclient=embed&amp;cid=13782105633838725228\" class=\"uagb-infobox-cta-link wp-block-button__link\" target=\"_blank\" rel=\"noopener noreferrer\"><span class=\"uagb-inline-editing\">Ver en Google Maps<\/span><\/a><\/div><\/div><\/div>\n\n\n\n<div class=\"wp-block-uagb-container uagb-block-ed4a0474\">\t\t\t<div \n\t\t\tclass=\"wp-block-uagb-google-map uagb-google-map__wrap uagb-block-0a7de2de     \"\n\t\t\tstyle=\"\" >\n\t\t\t\t<embed\n\t\t\t\t\tclass=\"uagb-google-map__iframe\"\n\t\t\t\t\ttitle=\"Mapa de Google de\"\n\t\t\t\t\tsrc=\"https:\/\/maps.google.com\/maps?q=ETSI%20Topografia%2C%20Geodesia%20y%20Cartograf%C3%ADa%2C%20Calle%20Mercator%202%2C%2028031%2C%20Madrid&#038;z=14&#038;hl=en&#038;t=m&#038;output=embed&#038;iwloc=near\"\n\t\t\t\t\twidth=\"640\"\n\t\t\t\t\theight=\"518\"\n\t\t\t\t\tloading=\"lazy\"\n\t\t\t\t><\/embed>\n\t\t\t<\/div>\n\t\t\t<\/div>\n<\/div><\/div>\n\n\n\n<p><\/p>\n","protected":false},"excerpt":{"rendered":"<p>12\u00aa Asamblea Hispano-Portuguesa de Geodesia y Geof\u00edsica (AHPGG) 16 a 19 de Junio 2026, ETSI Topograf\u00eda, Geodesia y Cartograf\u00eda, Universidad [&hellip;]<\/p>\n","protected":false},"author":2,"featured_media":0,"parent":0,"menu_order":0,"comment_status":"closed","ping_status":"closed","template":"","meta":{"_uag_custom_page_level_css":"","site-sidebar-layout":"default","site-content-layout":"","ast-site-content-layout":"normal-width-container","site-content-style":"default","site-sidebar-style":"default","ast-global-header-display":"","ast-banner-title-visibility":"","ast-main-header-display":"","ast-hfb-above-header-display":"","ast-hfb-below-header-display":"","ast-hfb-mobile-header-display":"","site-post-title":"disabled","ast-breadcrumbs-content":"","ast-featured-img":"","footer-sml-layout":"","ast-disable-related-posts":"","theme-transparent-header-meta":"","adv-header-id-meta":"","stick-header-meta":"","header-above-stick-meta":"","header-main-stick-meta":"","header-below-stick-meta":"","astra-migrate-meta-layouts":"default","ast-page-background-enabled":"default","ast-page-background-meta":{"desktop":{"background-color":"var(--ast-global-color-4)","background-image":"","background-repeat":"repeat","background-position":"center center","background-size":"auto","background-attachment":"scroll","background-type":"","background-media":"","overlay-type":"","overlay-color":"","overlay-opacity":"","overlay-gradient":""},"tablet":{"background-color":"","background-image":"","background-repeat":"repeat","background-position":"center center","background-size":"auto","background-attachment":"scroll","background-type":"","background-media":"","overlay-type":"","overlay-color":"","overlay-opacity":"","overlay-gradient":""},"mobile":{"background-color":"","background-image":"","background-repeat":"repeat","background-position":"center center","background-size":"auto","background-attachment":"scroll","background-type":"","background-media":"","overlay-type":"","overlay-color":"","overlay-opacity":"","overlay-gradient":""}},"ast-content-background-meta":{"desktop":{"background-color":"var(--ast-global-color-5)","background-image":"","background-repeat":"repeat","background-position":"center center","background-size":"auto","background-attachment":"scroll","background-type":"","background-media":"","overlay-type":"","overlay-color":"","overlay-opacity":"","overlay-gradient":""},"tablet":{"background-color":"var(--ast-global-color-5)","background-image":"","background-repeat":"repeat","background-position":"center center","background-size":"auto","background-attachment":"scroll","background-type":"","background-media":"","overlay-type":"","overlay-color":"","overlay-opacity":"","overlay-gradient":""},"mobile":{"background-color":"var(--ast-global-color-5)","background-image":"","background-repeat":"repeat","background-position":"center center","background-size":"auto","background-attachment":"scroll","background-type":"","background-media":"","overlay-type":"","overlay-color":"","overlay-opacity":"","overlay-gradient":""}},"footnotes":""},"class_list":["post-2","page","type-page","status-publish","hentry"],"uagb_featured_image_src":{"full":false,"thumbnail":false,"medium":false,"medium_large":false,"large":false,"1536x1536":false,"2048x2048":false},"uagb_author_info":{"display_name":"ahpgg2026","author_link":"https:\/\/eventos.topografia.upm.es\/ahpgg2026\/author\/ahpgg2026\/"},"uagb_comment_info":0,"uagb_excerpt":"12\u00aa Asamblea Hispano-Portuguesa de Geodesia y Geof\u00edsica (AHPGG) 16 a 19 de Junio 2026, ETSI Topograf\u00eda, Geodesia y Cartograf\u00eda, Universidad [&hellip;]","_links":{"self":[{"href":"https:\/\/eventos.topografia.upm.es\/ahpgg2026\/wp-json\/wp\/v2\/pages\/2","targetHints":{"allow":["GET"]}}],"collection":[{"href":"https:\/\/eventos.topografia.upm.es\/ahpgg2026\/wp-json\/wp\/v2\/pages"}],"about":[{"href":"https:\/\/eventos.topografia.upm.es\/ahpgg2026\/wp-json\/wp\/v2\/types\/page"}],"author":[{"embeddable":true,"href":"https:\/\/eventos.topografia.upm.es\/ahpgg2026\/wp-json\/wp\/v2\/users\/2"}],"replies":[{"embeddable":true,"href":"https:\/\/eventos.topografia.upm.es\/ahpgg2026\/wp-json\/wp\/v2\/comments?post=2"}],"version-history":[{"count":41,"href":"https:\/\/eventos.topografia.upm.es\/ahpgg2026\/wp-json\/wp\/v2\/pages\/2\/revisions"}],"predecessor-version":[{"id":445,"href":"https:\/\/eventos.topografia.upm.es\/ahpgg2026\/wp-json\/wp\/v2\/pages\/2\/revisions\/445"}],"wp:attachment":[{"href":"https:\/\/eventos.topografia.upm.es\/ahpgg2026\/wp-json\/wp\/v2\/media?parent=2"}],"curies":[{"name":"wp","href":"https:\/\/api.w.org\/{rel}","templated":true}]}}