
{"id":142,"date":"2025-09-09T18:12:24","date_gmt":"2025-09-09T16:12:24","guid":{"rendered":"https:\/\/eventos.topografia.upm.es\/ahpgg2026\/?page_id=142"},"modified":"2026-04-22T19:12:03","modified_gmt":"2026-04-22T17:12:03","slug":"venue","status":"publish","type":"page","link":"https:\/\/eventos.topografia.upm.es\/ahpgg2026\/venue\/","title":{"rendered":"venue"},"content":{"rendered":"\n<h2 class=\"wp-block-heading has-text-align-center\" style=\"margin-top:var(--wp--preset--spacing--50)\">Informaci\u00f3n adicional<\/h2>\n\n\n\n<div id=\"venue\" class=\"wp-block-uagb-container uagb-layout-grid uagb-block-2f8b2958 alignfull uagb-is-root-container\"><div class=\"uagb-container-inner-blocks-wrap\">\n<div class=\"wp-block-uagb-info-box uagb-block-65c7a8dc uagb-infobox__content-wrap  uagb-infobox-icon-above-title uagb-infobox-image-valign-top\"><div class=\"uagb-ifb-content\"><div class=\"uagb-ifb-title-wrap\"><h2 class=\"uagb-ifb-title\">Como llegar<\/h2><\/div><p class=\"uagb-ifb-desc\">Escuela T\u00e9cnica Superior de Ingenieros en Topograf\u00eda, Geodesia y Cartograf\u00eda. Universidad Polit\u00e9cnica de Madrid.<br><br>Campus Sur UPM, C. Mercator, 2, Puente de Vallecas, 28031 Madrid<br><strong><a href=\"https:\/\/www.topografia.upm.es\/LaEscuela\/Situacion\" target=\"_blank\" rel=\"noreferrer noopener\">Situaci\u00f3n y accesos<\/a><\/strong><\/p><div class=\"uagb-ifb-button-wrapper wp-block-button\"><a href=\"https:\/\/maps.google.com\/maps?ll=40.389205,-3.630049&amp;z=14&amp;t=m&amp;hl=en&amp;gl=US&amp;mapclient=embed&amp;cid=13782105633838725228\" class=\"uagb-infobox-cta-link wp-block-button__link\" target=\"_blank\" rel=\"noopener noreferrer\"><span class=\"uagb-inline-editing\">Ver en Google Maps<\/span><\/a><\/div><\/div><\/div>\n\n\n\n<div class=\"wp-block-uagb-container uagb-block-ed4a0474\">\t\t\t<div \n\t\t\tclass=\"wp-block-uagb-google-map uagb-google-map__wrap uagb-block-0a7de2de     \"\n\t\t\tstyle=\"\" >\n\t\t\t\t<embed\n\t\t\t\t\tclass=\"uagb-google-map__iframe\"\n\t\t\t\t\ttitle=\"Mapa de Google de\"\n\t\t\t\t\tsrc=\"https:\/\/maps.google.com\/maps?q=ETSI%20Topografia%2C%20Geodesia%20y%20Cartograf%C3%ADa%2C%20Calle%20Mercator%202%2C%2028031%2C%20Madrid&#038;z=14&#038;hl=en&#038;t=m&#038;output=embed&#038;iwloc=near\"\n\t\t\t\t\twidth=\"640\"\n\t\t\t\t\theight=\"518\"\n\t\t\t\t\tloading=\"lazy\"\n\t\t\t\t><\/embed>\n\t\t\t<\/div>\n\t\t\t<\/div>\n<\/div><\/div>\n\n\n\n\n\n<div id=\"tourism\" class=\"wp-block-uagb-container uagb-block-e7b9596e alignfull uagb-is-root-container\"><div class=\"uagb-container-inner-blocks-wrap\">\n<div class=\"wp-block-uagb-advanced-heading uagb-block-36b0ee11\"><h2 class=\"uagb-heading-text\">Turismo Madrid<\/h2><\/div>\n\n\n\n<p style=\"margin-top:0;margin-bottom:0\"><strong>Madrid: una ciudad vibrante, perfecta para albergar AHPGG 2026<\/strong><\/p>\n\n\n\n<p style=\"margin-top:var(--wp--preset--spacing--20);margin-bottom:var(--wp--preset--spacing--20)\">Madrid, capital de Espa\u00f1a, es mucho m\u00e1s que una ciudad: es un punto de encuentro entre tradici\u00f3n e innovaci\u00f3n, donde el pasado hist\u00f3rico convive en armon\u00eda con una perspectiva decididamente moderna. En 2026, Madrid se convierte en el escenario ideal para el AHPGG, ofreciendo a sus participantes una experiencia enriquecedora tanto a nivel profesional como cultural.<\/p>\n\n\n\n<p style=\"margin-top:var(--wp--preset--spacing--20);margin-bottom:var(--wp--preset--spacing--20)\">Desde el imponente Palacio Real hasta la emblem\u00e1tica&nbsp;<a href=\"https:\/\/www.esmadrid.com\/informacion-turistica\/plaza-mayor-madrid\" target=\"_blank\" rel=\"noreferrer noopener\">Plaza Mayor<\/a>, Madrid cautiva por su elegancia arquitect\u00f3nica y su car\u00e1cter acogedor. La ciudad alberga algunos de los museos m\u00e1s prestigiosos del mundo, como el&nbsp;<a href=\"https:\/\/www.esmadrid.com\/informacion-turistica\/museo-del-prado\" target=\"_blank\" rel=\"noreferrer noopener\">Museo<\/a><a href=\"https:\/\/www.google.com\/maps\/dir\/...\" target=\"_blank\" rel=\"noreferrer noopener\"> del Prado<\/a>, el <a href=\"https:\/\/www.esmadrid.com\/informacion-turistica\/museo-reina-sofia\" target=\"_blank\" rel=\"noreferrer noopener\">Reina Sofia<\/a>&nbsp;y el&nbsp;<a href=\"https:\/\/www.esmadrid.com\/informacion-turistica\/museo-nacional-thyssen-bornemisza\" target=\"_blank\" rel=\"noreferrer noopener\">Thyssen-Bornemisza<\/a>, que forman el famoso Tri\u00e1ngulo del Arte, una visita obligada para los amantes de la cultura.<\/p>\n\n\n\n<figure class=\"wp-block-table\"><table class=\"has-fixed-layout\"><tbody><tr><td><img decoding=\"async\" alt=\"Plaza Mayor\" src=\"https:\/\/eventos.upm.es\/getFiles\/hash\/NlVjYkFTMwEDMlJDOmFjN3EWNmRTYiRDOczM5IDOhVD:L2pyaHVqN2I3SldlSjZXNUZidjU2aXJ1eW5laURqenJIV2NMSmVtNjlKUDFEQW5PZDhtbGhJdngwbDNWTXR3ZU53RHV6U3B4N0d5UFRQNi9nOVZJanV6S2FQU09aSXBUbEh2SjkrVk1mL1k0Y2ZrMTB1VThPUXF3amhRcWRyOGJhT29BWVdnR3Ryc2lGU3laWUppQmowNUdVdnpyOFlINnlCbTBWcU5qVG9XTVFiamUrbWo1a0FnR0pSamhCcENQeWtVMlV3WTZ0UnVHZDE3YW0yUU9Ud2hTazEwYmsyUXZLTEFMYUtsenpqWWYrWHJNVytaU1h6Uzd5NWdTYVdRZA==\"><strong><em>PLAZA MAYOR<\/em><\/strong><\/td><td><img decoding=\"async\" alt=\"Museo del Prado\" src=\"https:\/\/eventos.upm.es\/getFiles\/hash\/ZxEjZjlTYlNmZ0cDMmBDOwEjM2IzMxUjMYDZkBzNzED:S2hGNmt3QUxtQWcrcDlTWHBhdXMyQ3I0Um10YlJxSzhITDZxd1JYYXppV0k3bDFVV3g1MkhWWVkvUzlSNHRGNjJoVjE2RkVBdDI0dmtpcURDM2NzYU1uUE5qNGhVcFdKeVltNUxiajJJT2ZzS2FyRGZ5Sk5XS3l4QndVZEF5TXV4MGw5TmtpT25xRERVbGtTYXlXZDJWajduaUx0MHZHSndhU29RUjd5WmNuemhhdlA3aVpOWTd0NEJIeVJTZllUTlVwYklrayt4eHowVEhGZEp1ZllsZW9LYVVlZ0hiS2MvL0NYL2UrMXdvND0=\"><strong><em>MUSEO DEL PRADO<\/em><\/strong><\/td><\/tr><tr><td><img decoding=\"async\" alt=\"Museo Reina Sof\u00eda\" src=\"https:\/\/eventos.upm.es\/getFiles\/hash\/YjJDN2czM0AzYkRDMjJWN1MWO3IWMjBjNUzN3gjN2Im:Y1RHY2JvZVByc21UamtFZEpSQkZDTXpwV05OUURKeWViUFlrS0g3WWpsck1GcGlkTlNjZEtTd09uanVXQ0FCZDhvNklhTEpjRHdhVlBaZ3E2b3RKMXVlSFYrZUNIcGtzeHNCTnBzUXdXOUh2Q0RqQU83ZnF0eGg5L0htaHBZSVBqV1JXSUFHckdhaDhRK3dQcDVDdjl1cjF5MElwaUtqcVg0cEczNjIvV2E1enpqNnd4RUk2TmdQYnJLaFdJbVRPZXRrVk04Rjh5bUd5OERub3FOckdnTGsxNHhSK0NXb21hZVJKM0UwM0RYMD0=\"><strong><em>MUSEO REINA SOF\u00cdA<\/em><\/strong><\/td><td><img decoding=\"async\" alt=\"Museo Thyssen-Bornemisza\" src=\"https:\/\/eventos.upm.es\/getFiles\/hash\/Y4ITO2EmY4EzNxY2Y1gDNmRWNyYWZihTYMTM5E2NwEm:VEY5MGpna3REd0J0dTBZNDA2ZUkzVXJLVlVvRlBabldiZ2R4emFPOG5lS252TUlvQWtjMHpSREFEcEFReXZuLzl4VTJMTUZQdmk1WnFlTUdmUG1qM2xvUXM3cHM5VnN6ZDdUUndyTG93RElGRUd3c1FobWFtelFxRVdpWVppWENGWmxKV3FrMzhIN3IxTGFaQ0xRK1krR0t1QStIQ1pKQ3dyRWhSMmNUc1Z0NjZmK2prcWF3bzRwUlAzb29pRWZMZlorWW1Vem11UC9GZnRjVU0zRnZwbWRDb0RsdTJEUWFUTEgzS1pFT04xbG9lbVE5SmE2WFdVWnk1V0FQK2hwWjIycDNKWTFqOEREZGdTL240WU1teGc9PQ==\"><strong><em>THYSSEN-BORNEMISZA<\/em><\/strong><\/td><\/tr><\/tbody><\/table><\/figure>\n\n\n\n<p style=\"margin-top:0;margin-bottom:var(--wp--preset--spacing--20)\">Los asistentes a AHPGG 2026 tambi\u00e9n podr\u00e1n disfrutar de espacios verdes como el&nbsp;<a href=\"https:\/\/www.esmadrid.com\/informacion-turistica\/parque-del-retiro\" target=\"_blank\" rel=\"noreferrer noopener\">Parque<\/a><a href=\"https:\/\/www.google.com\/maps\/dir\/...\" target=\"_blank\" rel=\"noreferrer noopener\"> del Retiro<\/a>, declarado Patrimonio Mundial por la UNESCO, o pasear por la din\u00e1mica&nbsp;<a href=\"https:\/\/www.esmadrid.com\/informacion-turistica\/la-gran-via\" target=\"_blank\" rel=\"noreferrer noopener\">Gran V\u00eda<\/a>,llena de vida, comercios, gastronom\u00eda y espect\u00e1culos.<\/p>\n\n\n\n<figure class=\"wp-block-table\"><table class=\"has-fixed-layout\"><tbody><tr><td><img decoding=\"async\" alt=\"Parque del Retiro\" src=\"https:\/\/eventos.upm.es\/getFiles\/hash\/NiBDOkRzNlZjN1cTMjlTOlNzM1kzY0U2YgTN0E2YllT:YlBiT21DU21kNG5OZ20xZlYyMWFCdXZFUDg4czNZUWlXSFFHYW93TVlTQW50SEpZR1h2bDRBSEk3RHM2a0lhT1JPaERZMmZsWXM5SGhZaUNNMWYwMzkxWWIwLytNam1CdVF6eEVBUmNjWEFPNW5BWmRicHlYTkVPMHl3ZGVZQmFldlBuVHVJeDY5OWJlS21zWFRYdk1XT3NHZ3lOa3dua2Q1d3VzRUFJcUFVR3ZkRmZVUUhNYUFRQW1lU3lnckg5RmF1ZlNMVzdnWldZVy9rYjErUHlTQT09\"><strong><em>PARQUE DEL RETIRO<\/em><\/strong><\/td><td><img decoding=\"async\" alt=\"Gran V\u00eda\" src=\"https:\/\/eventos.upm.es\/getFiles\/hash\/YkJDZzkDMhVjNmdjNhFmZ5EWOyE2M0ATZEWMyQWYxMm:clZyTHo3S2xWQWlKVitUbG5uWFdMcFdweFVVL0lGbC84SDQ3cnQ2b0JKTm9TcGc3NkRzYTUwYkFZMFVibitTdnpiTTdLajhQWlFmMThaa1p0ZW82bTlTQk52dHVKN3NrTE45dEZ6REJSYkE3eEVUeXBLVjV6VXFPK3A0M1dGdmJrNjlLTU9xcGdVVENmWERiR2VNVUIxbWJORE0vZlF3TXBuWExNUFBOR2Rqc09ZUStWNVFGYWYzUmsvQ1VUdkRaMlprM2FmWG81c2Nlb3hHRElmUkQ4K0pVOUQ0WGhFcVQvaHpRRVp3d1Npbz0=\"><strong><em>GRAN V\u00cdA<\/em><\/strong><\/td><\/tr><\/tbody><\/table><\/figure>\n\n\n\n<p style=\"margin-top:0;margin-right:0;margin-bottom:var(--wp--preset--spacing--20);margin-left:0\">Gracias a su excelente red de transporte, su moderna infraestructura para congresos y su ambiente hospitalario, Madrid garantiza una estancia c\u00f3moda, inspiradora y productiva.<\/p>\n\n\n\n<figure class=\"wp-block-embed is-type-video is-provider-youtube wp-block-embed-youtube wp-embed-aspect-16-9 wp-has-aspect-ratio\" style=\"margin-top:var(--wp--preset--spacing--20);margin-bottom:var(--wp--preset--spacing--20)\"><div class=\"wp-block-embed__wrapper\">\n<iframe loading=\"lazy\" title=\"MADRID (ES)\" width=\"500\" height=\"281\" src=\"https:\/\/www.youtube.com\/embed\/oEbVbKufTII?feature=oembed\" frameborder=\"0\" allow=\"accelerometer; autoplay; clipboard-write; encrypted-media; gyroscope; picture-in-picture; web-share\" referrerpolicy=\"strict-origin-when-cross-origin\" allowfullscreen><\/iframe>\n<\/div><\/figure>\n\n\n\n<figure class=\"wp-block-embed is-type-video is-provider-youtube wp-block-embed-youtube wp-embed-aspect-16-9 wp-has-aspect-ratio\" style=\"margin-top:var(--wp--preset--spacing--20);margin-bottom:var(--wp--preset--spacing--20)\"><div class=\"wp-block-embed__wrapper\">\n<iframe loading=\"lazy\" title=\"Madrid, a beautiful life!\" width=\"500\" height=\"281\" src=\"https:\/\/www.youtube.com\/embed\/T-d2yfOcUvM?feature=oembed\" frameborder=\"0\" allow=\"accelerometer; autoplay; clipboard-write; encrypted-media; gyroscope; picture-in-picture; web-share\" referrerpolicy=\"strict-origin-when-cross-origin\" allowfullscreen><\/iframe>\n<\/div><\/figure>\n\n\n\n<p style=\"margin-top:0.4rem;margin-right:0;margin-bottom:0.4rem;margin-left:0\">Descubre todo lo que puedes hacer en Madrid a trav\u00e9s de su&nbsp;<a href=\"https:\/\/www.esmadrid.com\/en\" target=\"_blank\" rel=\"noreferrer noopener\">Web Oficial de Turismo de Madrid<\/a><\/p>\n\n\n\n<p style=\"margin-top:0.4rem;margin-right:0;margin-bottom:0.4rem;margin-left:0\"><a href=\"https:\/\/www.esmadrid.com\/avion-madrid\" target=\"_blank\" rel=\"noreferrer noopener\">C\u00f3mo llegar en avi\u00f3n<\/a><\/p>\n\n\n\n<p style=\"margin-top:0.4rem;margin-right:0;margin-bottom:0.4rem;margin-left:0\"><a href=\"https:\/\/www.esmadrid.com\/tren-madrid\" target=\"_blank\" rel=\"noreferrer noopener\">C\u00f3mo llegar en tren<\/a><\/p>\n\n\n\n<p style=\"margin-top:0.4rem;margin-right:0;margin-bottom:0.4rem;margin-left:0\"><a href=\"https:\/\/www.esmadrid.com\/coche-madrid\" target=\"_blank\" rel=\"noreferrer noopener\">C\u00f3mo llegar en coche<\/a><\/p>\n<\/div><\/div>\n\n\n\n<p><\/p>\n","protected":false},"excerpt":{"rendered":"<p>Informaci\u00f3n adicional Alojamiento M\u00e1s informaci\u00f3n pr\u00f3ximamente Turismo Madrid Madrid: una ciudad vibrante, perfecta para albergar AHPGG 2026 Madrid, capital de [&hellip;]<\/p>\n","protected":false},"author":2,"featured_media":0,"parent":0,"menu_order":0,"comment_status":"closed","ping_status":"closed","template":"","meta":{"_uag_custom_page_level_css":"","site-sidebar-layout":"default","site-content-layout":"","ast-site-content-layout":"normal-width-container","site-content-style":"default","site-sidebar-style":"default","ast-global-header-display":"","ast-banner-title-visibility":"","ast-main-header-display":"","ast-hfb-above-header-display":"","ast-hfb-below-header-display":"","ast-hfb-mobile-header-display":"","site-post-title":"disabled","ast-breadcrumbs-content":"","ast-featured-img":"","footer-sml-layout":"","ast-disable-related-posts":"","theme-transparent-header-meta":"","adv-header-id-meta":"","stick-header-meta":"","header-above-stick-meta":"","header-main-stick-meta":"","header-below-stick-meta":"","astra-migrate-meta-layouts":"default","ast-page-background-enabled":"default","ast-page-background-meta":{"desktop":{"background-color":"var(--ast-global-color-4)","background-image":"","background-repeat":"repeat","background-position":"center center","background-size":"auto","background-attachment":"scroll","background-type":"","background-media":"","overlay-type":"","overlay-color":"","overlay-opacity":"","overlay-gradient":""},"tablet":{"background-color":"","background-image":"","background-repeat":"repeat","background-position":"center center","background-size":"auto","background-attachment":"scroll","background-type":"","background-media":"","overlay-type":"","overlay-color":"","overlay-opacity":"","overlay-gradient":""},"mobile":{"background-color":"","background-image":"","background-repeat":"repeat","background-position":"center center","background-size":"auto","background-attachment":"scroll","background-type":"","background-media":"","overlay-type":"","overlay-color":"","overlay-opacity":"","overlay-gradient":""}},"ast-content-background-meta":{"desktop":{"background-color":"var(--ast-global-color-5)","background-image":"","background-repeat":"repeat","background-position":"center center","background-size":"auto","background-attachment":"scroll","background-type":"","background-media":"","overlay-type":"","overlay-color":"","overlay-opacity":"","overlay-gradient":""},"tablet":{"background-color":"var(--ast-global-color-5)","background-image":"","background-repeat":"repeat","background-position":"center center","background-size":"auto","background-attachment":"scroll","background-type":"","background-media":"","overlay-type":"","overlay-color":"","overlay-opacity":"","overlay-gradient":""},"mobile":{"background-color":"var(--ast-global-color-5)","background-image":"","background-repeat":"repeat","background-position":"center center","background-size":"auto","background-attachment":"scroll","background-type":"","background-media":"","overlay-type":"","overlay-color":"","overlay-opacity":"","overlay-gradient":""}},"footnotes":""},"class_list":["post-142","page","type-page","status-publish","hentry"],"uagb_featured_image_src":{"full":false,"thumbnail":false,"medium":false,"medium_large":false,"large":false,"1536x1536":false,"2048x2048":false},"uagb_author_info":{"display_name":"ahpgg2026","author_link":"https:\/\/eventos.topografia.upm.es\/ahpgg2026\/author\/ahpgg2026\/"},"uagb_comment_info":0,"uagb_excerpt":"Informaci\u00f3n adicional Alojamiento M\u00e1s informaci\u00f3n pr\u00f3ximamente Turismo Madrid Madrid: una ciudad vibrante, perfecta para albergar AHPGG 2026 Madrid, capital de [&hellip;]","_links":{"self":[{"href":"https:\/\/eventos.topografia.upm.es\/ahpgg2026\/wp-json\/wp\/v2\/pages\/142","targetHints":{"allow":["GET"]}}],"collection":[{"href":"https:\/\/eventos.topografia.upm.es\/ahpgg2026\/wp-json\/wp\/v2\/pages"}],"about":[{"href":"https:\/\/eventos.topografia.upm.es\/ahpgg2026\/wp-json\/wp\/v2\/types\/page"}],"author":[{"embeddable":true,"href":"https:\/\/eventos.topografia.upm.es\/ahpgg2026\/wp-json\/wp\/v2\/users\/2"}],"replies":[{"embeddable":true,"href":"https:\/\/eventos.topografia.upm.es\/ahpgg2026\/wp-json\/wp\/v2\/comments?post=142"}],"version-history":[{"count":9,"href":"https:\/\/eventos.topografia.upm.es\/ahpgg2026\/wp-json\/wp\/v2\/pages\/142\/revisions"}],"predecessor-version":[{"id":458,"href":"https:\/\/eventos.topografia.upm.es\/ahpgg2026\/wp-json\/wp\/v2\/pages\/142\/revisions\/458"}],"wp:attachment":[{"href":"https:\/\/eventos.topografia.upm.es\/ahpgg2026\/wp-json\/wp\/v2\/media?parent=142"}],"curies":[{"name":"wp","href":"https:\/\/api.w.org\/{rel}","templated":true}]}}